{"id":8080,"date":"2022-05-30T09:50:35","date_gmt":"2022-05-30T14:50:35","guid":{"rendered":"https:\/\/old.gobiernodezapotillo.gob.ec\/?page_id=8080"},"modified":"2022-06-20T15:55:27","modified_gmt":"2022-06-20T20:55:27","slug":"articulo-lotaip-febrero-2022","status":"publish","type":"page","link":"https:\/\/old.gobiernodezapotillo.gob.ec\/?page_id=8080","title":{"rendered":"Articulo LOTAIP Febrero 2022"},"content":{"rendered":"\n<figure class=\"wp-block-table\"><table><tbody><tr><td><span class=\"has-inline-color has-vivid-red-color\"><strong>Literal<\/strong><\/span> <\/td><td>                                                             <strong><span style=\"color:#f10707\" class=\"has-inline-color\">Descripci\u00f3n del Literal Art. 7 LOTAIP<\/span><\/strong>  <\/td><\/tr><tr><td>  <span style=\"color:#2706e0\" class=\"has-inline-color\">a1)<\/span>  <\/td><td><a href=\"https:\/\/old.gobiernodezapotillo.gob.ec\/wp-content\/uploads\/2022\/06\/Literal_a1-Organigrama_de_la_institucion_FEBRERO2022-1.pdf\"><span style=\"color:#0d09e2\" class=\"has-inline-color\">Estructura org\u00e1nica funcional <\/span><\/a><\/td><\/tr><tr><td>  <span style=\"color:#210cda\" class=\"has-inline-color\">a2)<\/span>  <\/td><td><a href=\"https:\/\/old.gobiernodezapotillo.gob.ec\/wp-content\/uploads\/2022\/06\/Literal_a2-Base_legal_que_rige_a_la_institucionFebrero-2.pdf\"><span style=\"color:#0d09e2\" class=\"has-inline-color\">Base Legal que Lo rige  <\/span><\/a><\/td><\/tr><tr><td>  <span style=\"color:#1835d7\" class=\"has-inline-color\">a3)<\/span> <\/td><td><span style=\"color:#0f13de\" class=\"has-inline-color\"><a href=\"https:\/\/old.gobiernodezapotillo.gob.ec\/wp-content\/uploads\/2022\/06\/Literal_a3-Regulaciones_y_procedimientos_internos-Febrero-1.pdf\">Regulaciones y procedimientos internos aplicables a la entidad<\/a> <\/span><\/td><\/tr><tr><td>  <span style=\"color:#214cd9\" class=\"has-inline-color\">a4)<\/span> <\/td><td><a href=\"https:\/\/old.gobiernodezapotillo.gob.ec\/wp-content\/uploads\/2022\/06\/Literal_a4-Metas_y_objetivos_unidades_administrativas-FEBRERO.pdf\"><span style=\"color:#140ad9\" class=\"has-inline-color\">Metas y objetivos de las unidades administrativas de conformidad con los programas operativos<\/span> <\/a><\/td><\/tr><tr><td>  <span style=\"color:#1619db\" class=\"has-inline-color\">b1)<\/span> <\/td><td><a href=\"https:\/\/old.gobiernodezapotillo.gob.ec\/wp-content\/uploads\/2022\/06\/Literal_b1-Directorio_de_la_institucion-2021-2022-Febrero.pdf\"><span style=\"color:#1308e5\" class=\"has-inline-color\">Directorio Completo de la Instituci\u00f3n<\/span> <\/a><\/td><\/tr><tr><td>  <span style=\"color:#2017d9\" class=\"has-inline-color\">b2)<\/span> <\/td><td><a href=\"https:\/\/old.gobiernodezapotillo.gob.ec\/wp-content\/uploads\/2022\/06\/Literal_b2-Distributivo_del_personal-6-2021-2022-Febrero.pdf\"><span style=\"color:#162dda\" class=\"has-inline-color\">Distributivo del Personal<\/span> <\/a><\/td><\/tr><tr><td>  <span style=\"color:#110ddb\" class=\"has-inline-color\">c )<\/span> <\/td><td><a href=\"https:\/\/old.gobiernodezapotillo.gob.ec\/wp-content\/uploads\/2022\/06\/Literal_c-Remuneracion_mensual_por_puesto-FEBRERO.pdf\"><span style=\"color:#0b1ae5\" class=\"has-inline-color\">La remuneraci\u00f3n mensual por puesto y todo ingreso adicional, incluso el sistema de compensaci\u00f3n, seg\u00fan lo establezcan las disposiciones correspondientes<\/span> <\/a><\/td><\/tr><tr><td>  <span style=\"color:#0b19e4\" class=\"has-inline-color\">d )<\/span> <\/td><td><a href=\"https:\/\/old.gobiernodezapotillo.gob.ec\/wp-content\/uploads\/2022\/06\/FEBRERO-Literal_d-Servicios_que_ofrece_y_las_formas_de_acceder_a_ellos-actualizada.pdf\"><span style=\"color:#0f13de\" class=\"has-inline-color\">Los servicios que ofrece y las formas de acceder a ellos, horarios de atenci\u00f3n y dem\u00e1s indicaciones necesarias, para que la ciudadan\u00eda pueda ejercer sus derechos y cumplir sus obligaciones <\/span><\/a><\/td><\/tr><tr><td>  <span style=\"color:#0b13e3\" class=\"has-inline-color\">e)<\/span> <\/td><td><a href=\"https:\/\/old.gobiernodezapotillo.gob.ec\/wp-content\/uploads\/2022\/06\/Literal_e-Texto_integro_de_contratos_colectivos-FEBRERO.pdf\"><span style=\"color:#180edf\" class=\"has-inline-color\">Texto Integro de todos los contratos Colectivos Vigentes en la instituci\u00f3n, as\u00ed como sus anexos y reformas<\/span> <\/a><\/td><\/tr><tr><td> <span style=\"color:#2a0bda\" class=\"has-inline-color\"> f1)<\/span> <\/td><td><a href=\"https:\/\/old.gobiernodezapotillo.gob.ec\/wp-content\/uploads\/2022\/06\/Literal_f1-Formularios_o_formatos_de_solicitudes-FEBRERO.pdf\"><span style=\"color:#0822e2\" class=\"has-inline-color\">Se publicar\u00e1n los formularios o formatos de solicitudes que se requieran para los tr\u00e1mites inherentes a su campo de acci\u00f3n<\/span>  <\/a><\/td><\/tr><tr><td> <span style=\"color:#1709de\" class=\"has-inline-color\"> f2)<\/span> <\/td><td><a href=\"https:\/\/old.gobiernodezapotillo.gob.ec\/wp-content\/uploads\/2022\/06\/Literal_f2.pdf\"><span style=\"color:#1708ee\" class=\"has-inline-color\">Formato para solicitudes de acceso a la informaci\u00f3n p\u00fablica<\/span> <\/a><\/td><\/tr><tr><td> <span style=\"color:#1708ee\" class=\"has-inline-color\"> g )<\/span> <\/td><td><span style=\"color:#1708ee\" class=\"has-inline-color\">Informaci\u00f3n total sobre el presupuesto anual que administra la instituci\u00f3n, especificando ingresos, gastos, financiamiento y resultados operativos de conformidad con los clasificadores presupuestales, as\u00ed como liquidaci\u00f3n del presupuesto, especificando destinatarios de la entrega de recursos p\u00fablicos<\/span><strong><span style=\"color:#1708ee\" class=\"has-inline-color\"> <\/span><\/strong> <\/td><\/tr><tr><td>  <span style=\"color:#290bec\" class=\"has-inline-color\">h )<\/span>  <\/td><td><span class=\"has-inline-color has-vivid-purple-color\"><a href=\"https:\/\/old.gobiernodezapotillo.gob.ec\/wp-content\/uploads\/2022\/06\/Literal_h-Los-resultados-de-las-auditorias-internas-FEBRERO.pdf\">Los Resultados de las Auditorias Internas y gubernamentales al ejercicio  presupuestal<\/a><a rel=\"noreferrer noopener\" href=\"https:\/\/old.gobiernodezapotillo.gob.ec\/wp-content\/uploads\/2022\/03\/Literal_h-Los-resultados-de-las-auditorias-internas-2.pdf\" target=\"_blank\"> <\/a> <\/span><\/td><\/tr><tr><td>  <span style=\"color:#1d14bd\" class=\"has-inline-color\">i )<\/span> <\/td><td><span style=\"color:#2d1adf\" class=\"has-inline-color\">Informaci\u00f3n completa y detallada sobre los procesos precontractuales, contractuales, de adjudicaci\u00f3n y liquidaci\u00f3n, de las contrataciones de obras, adquisici\u00f3n de bienes, etc. celebrados por la instituci\u00f3n con personas naturales o jur\u00eddicas, incluidos concesiones, permisos o autorizaciones<\/span> <\/td><\/tr><tr><td> <strong><span style=\"color:#190ee3\" class=\"has-inline-color\"> <\/span><\/strong><span style=\"color:#190ee3\" class=\"has-inline-color\">j )<\/span> <\/td><td><a href=\"https:\/\/old.gobiernodezapotillo.gob.ec\/wp-content\/uploads\/2022\/06\/Literal_j-Empresas_y_personas_que_han_incumplido_contratos-2022-FEBRERO.pdf\"><span style=\"color:#1f26df\" class=\"has-inline-color\">Un listado de las empresas y personas que han incumplido contratos con dicha instituci\u00f3n<\/span> <\/a><\/td><\/tr><tr><td>  <span style=\"color:#0d0ad3\" class=\"has-inline-color\">k )<\/span> <\/td><td><span style=\"color:#0f13de\" class=\"has-inline-color\"><a href=\"https:\/\/old.gobiernodezapotillo.gob.ec\/wp-content\/uploads\/2022\/06\/Literal_k-Planes_y_programas_en_ejecucion-FEBRERO.pdf\">Planes y programas de la instituci\u00f3n en ejecuci\u00f3n\u00a0\u00a0\u00a0\u00a0 \u00a0\u00a0PLAN DE DESARROLLO<\/a> <\/span><\/td><\/tr><tr><td><span style=\"color:#0905f7\" class=\"has-inline-color\">  l )<\/span>   <\/td><td><a href=\"https:\/\/old.gobiernodezapotillo.gob.ec\/wp-content\/uploads\/2022\/06\/Literal_m_Mecanismo_de_Rendicion_de_cuentas-FEBRERO-1.pdf\"><span style=\"color:#0a06f4\" class=\"has-inline-color\">El detalle de los contratos de cr\u00e9dito externos o internos; se se\u00f1alar\u00e1 la fuente de los fondos con los que se pagar\u00e1n esos cr\u00e9ditos. Cuando se trate de pr\u00e9stamos o contratos de financiamiento, se har\u00e1 constar, como lo prev\u00e9 la Ley Org\u00e1nica de Administraci\u00f3n Financiera y Control, Ley Org\u00e1nica de la Controlar\u00eda General del Estado y la Ley Org\u00e1nica de Responsabilidad y Transparencia Fiscal, las operaciones y contratos de cr\u00e9dito, los montos, plazos, costos financieros o tipos de inter\u00e9s.<\/span> <\/a><\/td><\/tr><tr><td>  <span style=\"color:#060af0\" class=\"has-inline-color\">m )<\/span> <\/td><td><a href=\"https:\/\/old.gobiernodezapotillo.gob.ec\/wp-content\/uploads\/2022\/06\/Literal_m_Mecanismo_de_Rendicion_de_cuentas-FEBRERO-1.pdf\"><span style=\"color:#0f0cda\" class=\"has-inline-color\">Mecanismos de rendici\u00f3n de cuentas a la ciudadan\u00eda, tales como metas e informes de gesti\u00f3n e indicadores de desempe\u00f1o<\/span> <\/a><\/td><\/tr><tr><td>  <span style=\"color:#1809e5\" class=\"has-inline-color\">n )<\/span>  <\/td><td><span style=\"color:#0f13de\" class=\"has-inline-color\">Los vi\u00e1ticos, informes de trabajo y justificativos de movilizaci\u00f3n nacional o internacional de las autoridades, dignatarios y funcionarios p\u00fablicos. <\/span><\/td><\/tr><tr><td>  <span style=\"color:#1809e5\" class=\"has-inline-color\"><span style=\"color:#1809e5\" class=\"has-inline-color\">o )<\/span><\/span> <\/td><td><a href=\"https:\/\/old.gobiernodezapotillo.gob.ec\/wp-content\/uploads\/2022\/06\/Literal-O.-El-Nombre-Direccion-Apartado-Postal-FEBRERO.pdf\"><span style=\"color:#2518e0\" class=\"has-inline-color\">El nombre, direcci\u00f3n de la oficina, apartado postal y direcci\u00f3n electr\u00f3nica del responsable de atender la informaci\u00f3n p\u00fablica de que trate esta Ley.<\/span> <\/a><\/td><\/tr><tr><td>  <span style=\"color:#1809e5\" class=\"has-inline-color\">s )<\/span> <\/td><td><span style=\"color:#1709d5\" class=\"has-inline-color\">Los organismos seccionales, informar\u00e1n oportunamente a la ciudadan\u00eda de las resoluciones que adoptaren, mediante la publicaci\u00f3n de las actas de las respectivas sesiones de estos cuerpos colegiados, as\u00ed como sus planes de desarrollo local<\/span> <\/td><\/tr><\/tbody><\/table><\/figure>\n\n\n\n<p><\/p>\n","protected":false},"excerpt":{"rendered":"<p>Literal Descripci\u00f3n del Literal Art. 7 LOTAIP a1) Estructura org\u00e1nica funcional a2) Base Legal que Lo rige a3) Regulaciones y procedimientos internos aplicables a la&hellip;<\/p>\n","protected":false},"author":2,"featured_media":0,"parent":0,"menu_order":0,"comment_status":"closed","ping_status":"closed","template":"","meta":[],"_links":{"self":[{"href":"https:\/\/old.gobiernodezapotillo.gob.ec\/index.php?rest_route=\/wp\/v2\/pages\/8080"}],"collection":[{"href":"https:\/\/old.gobiernodezapotillo.gob.ec\/index.php?rest_route=\/wp\/v2\/pages"}],"about":[{"href":"https:\/\/old.gobiernodezapotillo.gob.ec\/index.php?rest_route=\/wp\/v2\/types\/page"}],"author":[{"embeddable":true,"href":"https:\/\/old.gobiernodezapotillo.gob.ec\/index.php?rest_route=\/wp\/v2\/users\/2"}],"replies":[{"embeddable":true,"href":"https:\/\/old.gobiernodezapotillo.gob.ec\/index.php?rest_route=%2Fwp%2Fv2%2Fcomments&post=8080"}],"version-history":[{"count":19,"href":"https:\/\/old.gobiernodezapotillo.gob.ec\/index.php?rest_route=\/wp\/v2\/pages\/8080\/revisions"}],"predecessor-version":[{"id":8274,"href":"https:\/\/old.gobiernodezapotillo.gob.ec\/index.php?rest_route=\/wp\/v2\/pages\/8080\/revisions\/8274"}],"wp:attachment":[{"href":"https:\/\/old.gobiernodezapotillo.gob.ec\/index.php?rest_route=%2Fwp%2Fv2%2Fmedia&parent=8080"}],"curies":[{"name":"wp","href":"https:\/\/api.w.org\/{rel}","templated":true}]}}