{"id":7195,"date":"2021-07-17T15:53:55","date_gmt":"2021-07-17T20:53:55","guid":{"rendered":"https:\/\/old.gobiernodezapotillo.gob.ec\/?page_id=7195"},"modified":"2021-09-23T09:59:57","modified_gmt":"2021-09-23T14:59:57","slug":"articulos-lotaip-julio-2021","status":"publish","type":"page","link":"https:\/\/old.gobiernodezapotillo.gob.ec\/?page_id=7195","title":{"rendered":"Art\u00edculos LOTAIP Julio 2021"},"content":{"rendered":"\n<figure class=\"wp-block-table is-style-regular\"><table><tbody><tr><td><strong><span class=\"has-inline-color has-vivid-red-color\">Literal<\/span><\/strong><\/td><td>                                                                      <strong><span class=\"has-inline-color has-vivid-red-color\">Descripci\u00f3n del Literal Art. 7 LOTAIP<\/span><\/strong><\/td><\/tr><tr><td>a1)<\/td><td><a href=\"https:\/\/old.gobiernodezapotillo.gob.ec\/wp-content\/uploads\/2021\/07\/Literal_a1-Organigrama_de_la_institucion_JUNIO2021.pdf\" target=\"_blank\" rel=\"noreferrer noopener\"><span style=\"color:#080ec5\" class=\"has-inline-color\">Estructura org\u00e1nica funcional<\/span><\/a><\/td><\/tr><tr><td>a2)<\/td><td><a href=\"https:\/\/old.gobiernodezapotillo.gob.ec\/wp-content\/uploads\/2021\/07\/Literal_a2-Base_legal_que_rige_a_la_institucion.pdf\" target=\"_blank\" rel=\"noreferrer noopener\"><span style=\"color:#0300a3\" class=\"has-inline-color\">Base Legal que Lo rige<\/span><\/a><\/td><\/tr><tr><td>a3)<\/td><td><a href=\"https:\/\/old.gobiernodezapotillo.gob.ec\/wp-content\/uploads\/2021\/07\/Literal_a3-Regulaciones_y_procedimientos_internos.pdf\" target=\"_blank\" rel=\"noreferrer noopener\"><span style=\"color:#0018a3\" class=\"has-inline-color\">Regulaciones y procedimientos internos aplicables a la entidad<\/span><\/a><\/td><\/tr><tr><td>a4)<\/td><td><a rel=\"noreferrer noopener\" href=\"https:\/\/old.gobiernodezapotillo.gob.ec\/wp-content\/uploads\/2021\/06\/Literal_a4-Metas_y_objetivos_unidades_administrativas_05_2021.pdf\" target=\"_blank\">Metas y objetivos de las unidades administrativas de conformidad con los programas operativos<\/a><\/td><\/tr><tr><td>b1)<\/td><td><a rel=\"noreferrer noopener\" href=\"https:\/\/old.gobiernodezapotillo.gob.ec\/wp-content\/uploads\/2021\/06\/Literal_b1-Directorio_de_la_institucion04_2021.pdf\" target=\"_blank\">Directorio Completo de la Instituci\u00f3n<\/a><\/td><\/tr><tr><td>b2)<\/td><td><a rel=\"noreferrer noopener\" href=\"https:\/\/old.gobiernodezapotillo.gob.ec\/wp-content\/uploads\/2021\/06\/Literal_b2-Distributivo_del_personal-04-2021.pdf\" target=\"_blank\">Distributivo del Personal<\/a><\/td><\/tr><tr><td>c)<\/td><td><a rel=\"noreferrer noopener\" href=\"https:\/\/old.gobiernodezapotillo.gob.ec\/wp-content\/uploads\/2021\/06\/Literal_c-Remuneracion_mensual_por_puesto04-2021.pdf\" target=\"_blank\">La remuneraci\u00f3n mensual por puesto y todo ingreso adicional, incluso el sistema de compensaci\u00f3n, seg\u00fan lo establezcan las disposiciones correspondientes<\/a><\/td><\/tr><tr><td>d)<\/td><td><a rel=\"noreferrer noopener\" href=\"https:\/\/old.gobiernodezapotillo.gob.ec\/wp-content\/uploads\/2021\/06\/Literal_d-Servicios_que_ofrece_y_las_formas_de_acceder_a_ellos-actualizada.pdf\" target=\"_blank\">Los servicios que ofrece y las formas de acceder a ellos, horarios de atenci\u00f3n y dem\u00e1s indicaciones necesarias, para que la ciudadan\u00eda pueda ejercer sus derechos y cumplir sus obligaciones<\/a><\/td><\/tr><tr><td>e)<\/td><td><a rel=\"noreferrer noopener\" href=\"https:\/\/old.gobiernodezapotillo.gob.ec\/wp-content\/uploads\/2021\/06\/Literal_e-Texto_integro_de_contratos_colectivos.pdf\" target=\"_blank\">Texto Integro de todos los contratos Colectivos Vigentes en la instituci\u00f3n, as\u00ed como sus anexos y reformas<\/a><\/td><\/tr><tr><td>f1)<\/td><td><a rel=\"noreferrer noopener\" href=\"https:\/\/old.gobiernodezapotillo.gob.ec\/wp-content\/uploads\/2021\/06\/Literal_f1-Formularios_o_formatos_de_solicitudes.pdf\" target=\"_blank\">Se publicar\u00e1n los formularios o formatos de solicitudes que se requieran para los tr\u00e1mites inherentes a su campo de acci\u00f3n<\/a><\/td><\/tr><tr><td>f2)<\/td><td><a rel=\"noreferrer noopener\" href=\"https:\/\/old.gobiernodezapotillo.gob.ec\/wp-content\/uploads\/2021\/02\/Literal_f2.pdf\" target=\"_blank\">Formato para solicitudes de acceso a la informaci\u00f3n p\u00fablica<\/a><\/td><\/tr><tr><td>g )<\/td><td><a rel=\"noreferrer noopener\" href=\"https:\/\/old.gobiernodezapotillo.gob.ec\/wp-content\/uploads\/2021\/01\/literal_g_presupuesto_DICIEMBRE-2020.pdf\" target=\"_blank\">Informaci\u00f3n total sobre el presupuesto anual que administra la instituci\u00f3n, especificando ingresos, gastos, financiamiento y resultados operativos de conformidad con los clasificadores presupuestales, as\u00ed como liquidaci\u00f3n del presupuesto, especificando destinatarios de la entrega de recursos p\u00fablicos<\/a><\/td><\/tr><tr><td>h )<\/td><td><a rel=\"noreferrer noopener\" href=\"https:\/\/old.gobiernodezapotillo.gob.ec\/wp-content\/uploads\/2021\/06\/Literal_h-ABRIL_2021.pdf\" target=\"_blank\">Los resultados de las auditor\u00edas internas y gubernamentales al ejercicio presupuestal<\/a><\/td><\/tr><tr><td>i )<\/td><td><a href=\"https:\/\/old.gobiernodezapotillo.gob.ec\/wp-content\/uploads\/2021\/09\/Literal_i-Procesos_de_contrataciones-JULIO2021-1.pdf\" target=\"_blank\" rel=\"noreferrer noopener\"><span style=\"color:#0c13df\" class=\"has-inline-color\">Informaci\u00f3n completa y detallada sobre los procesos precontractuales, contractuales, de adjudicaci\u00f3n y liquidaci\u00f3n, de las contrataciones de obras, adquisici\u00f3n de bienes, etc. celebrados por la instituci\u00f3n con personas naturales o jur\u00eddicas, incluidos concesiones, permisos o autorizaciones<\/span><\/a><\/td><\/tr><tr><td>j )<\/td><td><a rel=\"noreferrer noopener\" href=\"https:\/\/old.gobiernodezapotillo.gob.ec\/wp-content\/uploads\/2021\/06\/Literal_j-Empresas_y_personas_que_han_incumplido_contratos.pdf\" target=\"_blank\">Un listado de las empresas y personas que han incumplido contratos con dicha instituci\u00f3n<\/a><\/td><\/tr><tr><td>k )<\/td><td><a rel=\"noreferrer noopener\" href=\"https:\/\/old.gobiernodezapotillo.gob.ec\/wp-content\/uploads\/2021\/06\/Literal_k-Planes_y_programas_en_ejecucion.pdf\" target=\"_blank\">Planes y programas de la instituci\u00f3n en ejecuci\u00f3n&nbsp;&nbsp;&nbsp;&nbsp; &nbsp;&nbsp;PLAN DE DESARROLLO<\/a><\/td><\/tr><tr><td>l )<\/td><td><a rel=\"noreferrer noopener\" href=\"https:\/\/old.gobiernodezapotillo.gob.ec\/wp-content\/uploads\/2021\/06\/literal_L.pdf\" target=\"_blank\">El detalle de los contratos de cr\u00e9dito externos o internos; se se\u00f1alar\u00e1 la fuente de los fondos con los que se pagar\u00e1n esos cr\u00e9ditos. Cuando se trate de pr\u00e9stamos o contratos de financiamiento, se har\u00e1 constar, como lo prev\u00e9 la Ley Org\u00e1nica de Administraci\u00f3n Financiera y Control, Ley Org\u00e1nica de la Controlar\u00eda General del Estado y la Ley Org\u00e1nica de Responsabilidad y Transparencia Fiscal, las operaciones y contratos de cr\u00e9dito, los montos, plazos,costos financieros o tipos de inter\u00e9s.<\/a><\/td><\/tr><tr><td>m )<\/td><td><a rel=\"noreferrer noopener\" href=\"https:\/\/old.gobiernodezapotillo.gob.ec\/wp-content\/uploads\/2021\/06\/LOTAIP-COMUNICACION_ABRIL_2021.pdf\" target=\"_blank\">Mecanismos de rendici\u00f3n de cuentas a la ciudadan\u00eda, tales como metas e informes de gesti\u00f3n e indicadores de desempe\u00f1o<\/a><\/td><\/tr><tr><td>n )<\/td><td><a rel=\"noreferrer noopener\" href=\"https:\/\/old.gobiernodezapotillo.gob.ec\/wp-content\/uploads\/2021\/06\/LOTAIP-ABRIL-2021.pdf\" target=\"_blank\">Los vi\u00e1ticos, informes de trabajo y justificativos de movilizaci\u00f3n nacional o internacional de las autoridades, dignatarios y funcionarios p\u00fablicos.<\/a><\/td><\/tr><tr><td>o )<\/td><td><a rel=\"noreferrer noopener\" href=\"https:\/\/old.gobiernodezapotillo.gob.ec\/wp-content\/uploads\/2021\/06\/Literal-O.ABRIL_2021.pdf\" target=\"_blank\">El nombre, direcci\u00f3n de la oficina, apartado postal y direcci\u00f3n electr\u00f3nica del responsable de atender la informaci\u00f3n p\u00fablica de que trate esta Ley.<\/a><\/td><\/tr><tr><td>s )<\/td><td><a rel=\"noreferrer noopener\" href=\"https:\/\/old.gobiernodezapotillo.gob.ec\/wp-content\/uploads\/2021\/06\/Literal-S.-ABRIL-2021.pdf\" target=\"_blank\">Los organismos seccionales, informar\u00e1n oportunamente a la ciudadan\u00eda de las resoluciones que adoptaren, mediante la publicaci\u00f3n de las actas de las respectivas sesiones de estos cuerpos colegiados, as\u00ed como sus planes de desarrollo local<\/a><\/td><\/tr><\/tbody><\/table><\/figure>\n","protected":false},"excerpt":{"rendered":"<p>Literal Descripci\u00f3n del Literal Art. 7 LOTAIP a1) Estructura org\u00e1nica funcional a2) Base Legal que Lo rige a3) Regulaciones y procedimientos internos aplicables a la&hellip;<\/p>\n","protected":false},"author":2,"featured_media":0,"parent":0,"menu_order":0,"comment_status":"closed","ping_status":"closed","template":"","meta":[],"_links":{"self":[{"href":"https:\/\/old.gobiernodezapotillo.gob.ec\/index.php?rest_route=\/wp\/v2\/pages\/7195"}],"collection":[{"href":"https:\/\/old.gobiernodezapotillo.gob.ec\/index.php?rest_route=\/wp\/v2\/pages"}],"about":[{"href":"https:\/\/old.gobiernodezapotillo.gob.ec\/index.php?rest_route=\/wp\/v2\/types\/page"}],"author":[{"embeddable":true,"href":"https:\/\/old.gobiernodezapotillo.gob.ec\/index.php?rest_route=\/wp\/v2\/users\/2"}],"replies":[{"embeddable":true,"href":"https:\/\/old.gobiernodezapotillo.gob.ec\/index.php?rest_route=%2Fwp%2Fv2%2Fcomments&post=7195"}],"version-history":[{"count":13,"href":"https:\/\/old.gobiernodezapotillo.gob.ec\/index.php?rest_route=\/wp\/v2\/pages\/7195\/revisions"}],"predecessor-version":[{"id":7504,"href":"https:\/\/old.gobiernodezapotillo.gob.ec\/index.php?rest_route=\/wp\/v2\/pages\/7195\/revisions\/7504"}],"wp:attachment":[{"href":"https:\/\/old.gobiernodezapotillo.gob.ec\/index.php?rest_route=%2Fwp%2Fv2%2Fmedia&parent=7195"}],"curies":[{"name":"wp","href":"https:\/\/api.w.org\/{rel}","templated":true}]}}