{"id":5316,"date":"2020-10-18T22:18:14","date_gmt":"2020-10-19T03:18:14","guid":{"rendered":"https:\/\/old.gobiernodezapotillo.gob.ec\/?page_id=5316"},"modified":"2021-01-09T16:32:27","modified_gmt":"2021-01-09T21:32:27","slug":"articulos-lotaip-septiembre-2020","status":"publish","type":"page","link":"https:\/\/old.gobiernodezapotillo.gob.ec\/?page_id=5316","title":{"rendered":"Art\u00edculos LOTAIP Octubre 2020"},"content":{"rendered":"\n<p class=\"has-drop-cap\"><\/p>\n\n\n\n<figure class=\"wp-block-table is-style-regular\"><table class=\"has-subtle-pale-green-background-color has-background\"><tbody><tr><td><strong>Literal<\/strong><\/td><td>                                                                                              <strong>Descripci\u00f3n del Literal Art. 7 LOTAIP<\/strong><\/td><\/tr><tr><td><span style=\"color:#091df0\" class=\"has-inline-color\">a1)<\/span><\/td><td><a href=\"https:\/\/old.gobiernodezapotillo.gob.ec\/wp-content\/uploads\/2020\/10\/Literal_a1-Organigrama_de_la_institucion.pdf\" target=\"_blank\" rel=\"noreferrer noopener\"><span style=\"color:#0a12ee\" class=\"has-inline-color\">Estructura org\u00e1nica funcional<\/span><\/a><\/td><\/tr><tr><td><span style=\"color:#080fee\" class=\"has-inline-color\">a2)<\/span><\/td><td><a href=\"https:\/\/old.gobiernodezapotillo.gob.ec\/wp-content\/uploads\/2020\/11\/Literal_a2-Base_legal_que_rige_a_la_institucion_Septiembre.pdf\" target=\"_blank\" rel=\"noreferrer noopener\"><span style=\"color:#0b32f1\" class=\"has-inline-color\">Base Legal que Lo rige<\/span><\/a><\/td><\/tr><tr><td><span style=\"color:#080cf1\" class=\"has-inline-color\">a3)<\/span><\/td><td><a href=\"https:\/\/old.gobiernodezapotillo.gob.ec\/wp-content\/uploads\/2020\/11\/Literal_a3-Regulaciones_y_procedimientos_internos_Septiembre.pdf\" target=\"_blank\" rel=\"noreferrer noopener\"><span style=\"color:#0509f3\" class=\"has-inline-color\">Regulaciones y procedimientos internos aplicables a la entidad<\/span><\/a><\/td><\/tr><tr><td><span style=\"color:#070bf3\" class=\"has-inline-color\">a4)<\/span><\/td><td><a rel=\"noreferrer noopener\" href=\"http:\/\/f\/\" target=\"_blank\"><span style=\"color:#1509ef\" class=\"has-inline-color\">Metas y objetivos de las unidades administrativas de conformidad con los programas operativos<\/span><\/a><\/td><\/tr><tr><td><span style=\"color:#0817ee\" class=\"has-inline-color\">b1)<\/span><\/td><td><a href=\"https:\/\/old.gobiernodezapotillo.gob.ec\/wp-content\/uploads\/2020\/10\/Literal_b1-Directorio_de_la_institucion-1.pdf\" target=\"_blank\" rel=\"noreferrer noopener\"><span style=\"color:#0818f5\" class=\"has-inline-color\">Directorio Completo de la Instituci\u00f3n<\/span><\/a><\/td><\/tr><tr><td><span style=\"color:#080cf0\" class=\"has-inline-color\">b2)<\/span><\/td><td><a href=\"https:\/\/old.gobiernodezapotillo.gob.ec\/wp-content\/uploads\/2020\/10\/Literal_b2-Distributivo_del_personal.pdf\" target=\"_blank\" rel=\"noreferrer noopener\"><span style=\"color:#0924ed\" class=\"has-inline-color\">Distributivo del Personal<\/span><\/a><\/td><\/tr><tr><td><span style=\"color:#0b07ee\" class=\"has-inline-color\">c)<\/span><\/td><td><a href=\"https:\/\/old.gobiernodezapotillo.gob.ec\/wp-content\/uploads\/2020\/10\/Literal_c-Remuneracion_mensual_por_puesto-UATH-1.pdf\" target=\"_blank\" rel=\"noreferrer noopener\"><span style=\"color:#080cf3\" class=\"has-inline-color\">La remuneraci\u00f3n mensual por puesto y todo ingreso adicional, incluso el sistema de compensaci\u00f3n, seg\u00fan lo establezcan las disposiciones correspondientes<\/span><\/a><\/td><\/tr><tr><td><span style=\"color:#080cf1\" class=\"has-inline-color\">d)<\/span><\/td><td><a href=\"https:\/\/old.gobiernodezapotillo.gob.ec\/wp-content\/uploads\/2020\/10\/Literal_d-Servicios_que_ofrece_y_las_formas_de_acceder_a_ellos-actualizada-1.pdf\" target=\"_blank\" rel=\"noreferrer noopener\"><span style=\"color:#0e0af2\" class=\"has-inline-color\">Los servicios que ofrece y las formas de acceder a ellos, horarios de atenci\u00f3n y dem\u00e1s indicaciones necesarias, para que la ciudadan\u00eda pueda ejercer sus derechos y cumplir sus obligaciones<\/span><\/a><\/td><\/tr><tr><td><span style=\"color:#050df3\" class=\"has-inline-color\">e)<\/span><\/td><td><a href=\"https:\/\/old.gobiernodezapotillo.gob.ec\/wp-content\/uploads\/2020\/11\/Literal_e-Texto_integro_de_contratos_colectivos_vigentes_Septiembre.pdf\" target=\"_blank\" rel=\"noreferrer noopener\"><span style=\"color:#0911ea\" class=\"has-inline-color\">Texto Integro de todos los contratos Colectivos Vigentes en la instituci\u00f3n, as\u00ed como sus anexos y reformas<\/span><\/a><\/td><\/tr><tr><td><span style=\"color:#0817f1\" class=\"has-inline-color\">f1)<\/span><\/td><td><a href=\"https:\/\/old.gobiernodezapotillo.gob.ec\/wp-content\/uploads\/2020\/10\/Literal_f1-Formularios_o_formatos_de_solicitudes-1.pdf\" target=\"_blank\" rel=\"noreferrer noopener\"><span style=\"color:#0a19ec\" class=\"has-inline-color\">Se publicar\u00e1n los formularios o formatos de solicitudes que se requieran para los tr\u00e1mites inherentes a su campo de acci\u00f3n<\/span><\/a><\/td><\/tr><tr><td><span style=\"color:#060af4\" class=\"has-inline-color\">f2)<\/span><\/td><td><a rel=\"noreferrer noopener\" href=\"https:\/\/old.gobiernodezapotillo.gob.ec\/wp-content\/uploads\/2020\/10\/Literal_f2.pdf\" target=\"_blank\"><span style=\"color:#1809f1\" class=\"has-inline-color\">Formato para solicitudes de acceso a la informaci\u00f3n p\u00fablica<\/span><\/a><\/td><\/tr><tr><td><span style=\"color:#0817ef\" class=\"has-inline-color\">g )<\/span><\/td><td><a href=\"https:\/\/old.gobiernodezapotillo.gob.ec\/wp-content\/uploads\/2020\/10\/literal_gpresupuesto-Septiembre-2020.pdf\" target=\"_blank\" rel=\"noreferrer noopener\"><span style=\"color:#100de9\" class=\"has-inline-color\">Informaci\u00f3n total sobre el presupuesto anual que administra la instituci\u00f3n, especificando ingresos, gastos, financiamiento y resultados operativos de conformidad con los clasificadores presupuestales, as\u00ed como liquidaci\u00f3n del presupuesto, especificando destinatarios de la entrega de recursos p\u00fablicos&nbsp;&nbsp;&nbsp;&nbsp;&nbsp;&nbsp; &nbsp; &nbsp;&nbsp;PRESUPUESTO 2020<\/span><\/a><\/td><\/tr><tr><td><span style=\"color:#061af3\" class=\"has-inline-color\">h )<\/span><\/td><td><a href=\"https:\/\/old.gobiernodezapotillo.gob.ec\/wp-content\/uploads\/2020\/11\/Literal_h-septiembre.pdf\" target=\"_blank\" rel=\"noreferrer noopener\"><span style=\"color:#060af1\" class=\"has-inline-color\">Los resultados de las auditor\u00edas internas y gubernamentales al ejercicio presupuestal<\/span><\/a><\/td><\/tr><tr><td><span style=\"color:#091df7\" class=\"has-inline-color\">i )<\/span><\/td><td><a href=\"https:\/\/old.gobiernodezapotillo.gob.ec\/wp-content\/uploads\/2020\/11\/Literal_i-Procesos_de_contrataciones-SEPTIEMBRE-2020.pdf\" target=\"_blank\" rel=\"noreferrer noopener\"><span style=\"color:#210aee\" class=\"has-inline-color\">Informaci\u00f3n completa y detallada sobre los procesos precontractuales, contractuales, de adjudicaci\u00f3n y liquidaci\u00f3n, de las contrataciones de obras, adquisci\u00f3n de bienes, etc. celebrados por la instituci\u00f3n con personas naturales o jur\u00eddicas, inclu\u00eddos concesiones, permisos o autorizaciones<\/span><\/a><\/td><\/tr><tr><td><span style=\"color:#072af2\" class=\"has-inline-color\">j )<\/span><\/td><td><a href=\"https:\/\/old.gobiernodezapotillo.gob.ec\/wp-content\/uploads\/2020\/10\/Literal_j-Empresas_y_personas_que_han_incumplido_contratos-1.pdf\" target=\"_blank\" rel=\"noreferrer noopener\"><span style=\"color:#070bf0\" class=\"has-inline-color\">Un listado de las empresas y personas que han incumplido contratos con dicha instituci\u00f3n<\/span><\/a><\/td><\/tr><tr><td><span style=\"color:#0f0cea\" class=\"has-inline-color\">k)<\/span><\/td><td><a href=\"https:\/\/old.gobiernodezapotillo.gob.ec\/wp-content\/uploads\/2020\/10\/Literal_k-Planes_y_programas_en_ejecucion-1.pdf\" target=\"_blank\" rel=\"noreferrer noopener\"><span style=\"color:#0620e9\" class=\"has-inline-color\">Planes y programas de la instituci\u00f3n en ejecuci\u00f3n&nbsp;&nbsp;&nbsp;&nbsp; &nbsp;&nbsp;PLAN DE DESARROLLO<\/span><\/a><\/td><\/tr><tr><td><span style=\"color:#0817ea\" class=\"has-inline-color\">l )<\/span><\/td><td><a href=\"https:\/\/old.gobiernodezapotillo.gob.ec\/wp-content\/uploads\/2020\/11\/literal_L_Septiembre-2020.pdf\" target=\"_blank\" rel=\"noreferrer noopener\"><span style=\"color:#0a12f2\" class=\"has-inline-color\">El detalle de los contratos de cr\u00e9dito externos o internos; se se\u00f1alar\u00e1 la fuente de los fondos con los que se pagar\u00e1n esos cr\u00e9ditos. Cuando se trate de pr\u00e9stamos o contratos de financiamiento, se har\u00e1 constar, como lo prev\u00e9 la Ley Org\u00e1nica de Administraci\u00f3n Financiera y Control, Ley Org\u00e1nica de la Contralor\u00eda General del Estado y la Ley Org\u00e1nica de Responsabilidad y Transparencia Fiscal, las operaciones y contratos de cr\u00e9dito, los montos, plazos,costos financieros o tipos de inter\u00e9s.<\/span><\/a><\/td><\/tr><tr><td><span style=\"color:#070bf3\" class=\"has-inline-color\">m )<\/span><\/td><td><a href=\"https:\/\/old.gobiernodezapotillo.gob.ec\/wp-content\/uploads\/2021\/01\/Literal_m_Mecanismos_de-rendicion-de-cuentas_-2020.pdf\" target=\"_blank\" rel=\"noreferrer noopener\"><span style=\"color:#070fef\" class=\"has-inline-color\">Mecanismos de rendici\u00f3n de cuentas a la ciudadan\u00eda, tales como metas e informes de gesti\u00f3n e indicadores de desempe\u00f1o<\/span><\/a><\/td><\/tr><tr><td><span style=\"color:#0a1dea\" class=\"has-inline-color\">n )<\/span><\/td><td><a href=\"https:\/\/old.gobiernodezapotillo.gob.ec\/wp-content\/uploads\/2020\/11\/Los-viaticos-informes-de-trabajo-y-justificativos-de-movilizacion-nacional-o-internacional-de-las-autoridades-dignatarios-y-funcionarios-publicos.pdf\" target=\"_blank\" rel=\"noreferrer noopener\"><span style=\"color:#080ced\" class=\"has-inline-color\">Los Vi\u00e1ticos e informes de trabajo y justificativos de movilizaci\u00f3n nacional e internacional de las autoridades, dignatarios y funcionarios p\u00fablicos<\/span><\/a><\/td><\/tr><tr><td><span style=\"color:#090cef\" class=\"has-inline-color\">o )<\/span><\/td><td><a href=\"https:\/\/old.gobiernodezapotillo.gob.ec\/wp-content\/uploads\/2020\/11\/Literal-o.-1.pdf\" target=\"_blank\" rel=\"noreferrer noopener\"><span style=\"color:#160bee\" class=\"has-inline-color\">El nombre, direcci\u00f3n de la oficina, apartado postal y direcci\u00f3n electr\u00f3nica del responsable de atender la informaci\u00f3n p\u00fablica de que trate esta Ley.<\/span><\/a><\/td><\/tr><tr><td><span style=\"color:#0c13ed\" class=\"has-inline-color\">s )<\/span><\/td><td><a href=\"https:\/\/old.gobiernodezapotillo.gob.ec\/wp-content\/uploads\/2020\/12\/Literal-s.-1.pdf\" target=\"_blank\" rel=\"noreferrer noopener\"><span style=\"color:#0722f2\" class=\"has-inline-color\">Los organismos seccionales, informar\u00e1n oportunamente a la ciudadan\u00eda de las resoluciones que adoptaren, mediante la publicaci\u00f3n de las actas de las respectivas sesiones de estos cuerpos colegiados, as\u00ed como sus planes de desarrollo local<\/span><\/a><\/td><\/tr><\/tbody><\/table><\/figure>\n\n\n\n<p><\/p>\n","protected":false},"excerpt":{"rendered":"<p>Literal Descripci\u00f3n del Literal Art. 7 LOTAIP a1) Estructura org\u00e1nica funcional a2) Base Legal que Lo rige a3) Regulaciones y procedimientos internos aplicables a la&hellip;<\/p>\n","protected":false},"author":2,"featured_media":0,"parent":0,"menu_order":0,"comment_status":"closed","ping_status":"closed","template":"","meta":[],"_links":{"self":[{"href":"https:\/\/old.gobiernodezapotillo.gob.ec\/index.php?rest_route=\/wp\/v2\/pages\/5316"}],"collection":[{"href":"https:\/\/old.gobiernodezapotillo.gob.ec\/index.php?rest_route=\/wp\/v2\/pages"}],"about":[{"href":"https:\/\/old.gobiernodezapotillo.gob.ec\/index.php?rest_route=\/wp\/v2\/types\/page"}],"author":[{"embeddable":true,"href":"https:\/\/old.gobiernodezapotillo.gob.ec\/index.php?rest_route=\/wp\/v2\/users\/2"}],"replies":[{"embeddable":true,"href":"https:\/\/old.gobiernodezapotillo.gob.ec\/index.php?rest_route=%2Fwp%2Fv2%2Fcomments&post=5316"}],"version-history":[{"count":57,"href":"https:\/\/old.gobiernodezapotillo.gob.ec\/index.php?rest_route=\/wp\/v2\/pages\/5316\/revisions"}],"predecessor-version":[{"id":6544,"href":"https:\/\/old.gobiernodezapotillo.gob.ec\/index.php?rest_route=\/wp\/v2\/pages\/5316\/revisions\/6544"}],"wp:attachment":[{"href":"https:\/\/old.gobiernodezapotillo.gob.ec\/index.php?rest_route=%2Fwp%2Fv2%2Fmedia&parent=5316"}],"curies":[{"name":"wp","href":"https:\/\/api.w.org\/{rel}","templated":true}]}}