{"id":5036,"date":"2020-10-03T22:35:40","date_gmt":"2020-10-04T03:35:40","guid":{"rendered":"https:\/\/old.gobiernodezapotillo.gob.ec\/?page_id=5036"},"modified":"2020-10-03T22:49:02","modified_gmt":"2020-10-04T03:49:02","slug":"transito-2","status":"publish","type":"page","link":"https:\/\/old.gobiernodezapotillo.gob.ec\/?page_id=5036","title":{"rendered":"TRANSITO"},"content":{"rendered":"\n<p class=\"has-text-align-center\"><strong><em><span class=\"has-inline-color has-vivid-red-color\">MATRICULACI\u00d3N Y REVISI\u00d3N VEHICULAR<\/span><\/em><\/strong><\/p>\n\n\n\n<figure class=\"wp-block-table\"><table><tbody><tr><td>1.-Realizar \u00e9l pago de la matr\u00edcula en cualquier instituci\u00f3n financiera.<\/td><\/tr><tr><td>2.-Copia de C\u00e9dula, recibo de votaci\u00f3n y copia de la matr\u00edcula.<\/td><\/tr><tr><td>3.-Pagos de impuestos en el municipio<\/td><\/tr><tr><td>4.-En caso de tercera persona, si la matricula esta caducada debe tener un poder notariado.<\/td><\/tr><tr><td>5.-En caso de tercera persona, si la matricula est\u00e1 vigente, poder simple.<\/td><\/tr><\/tbody><\/table><\/figure>\n\n\n\n<p><\/p>\n","protected":false},"excerpt":{"rendered":"<p>MATRICULACI\u00d3N Y REVISI\u00d3N VEHICULAR 1.-Realizar \u00e9l pago de la matr\u00edcula en cualquier instituci\u00f3n financiera. 2.-Copia de C\u00e9dula, recibo de votaci\u00f3n y copia de la matr\u00edcula.&hellip;<\/p>\n","protected":false},"author":2,"featured_media":0,"parent":0,"menu_order":0,"comment_status":"closed","ping_status":"closed","template":"","meta":[],"_links":{"self":[{"href":"https:\/\/old.gobiernodezapotillo.gob.ec\/index.php?rest_route=\/wp\/v2\/pages\/5036"}],"collection":[{"href":"https:\/\/old.gobiernodezapotillo.gob.ec\/index.php?rest_route=\/wp\/v2\/pages"}],"about":[{"href":"https:\/\/old.gobiernodezapotillo.gob.ec\/index.php?rest_route=\/wp\/v2\/types\/page"}],"author":[{"embeddable":true,"href":"https:\/\/old.gobiernodezapotillo.gob.ec\/index.php?rest_route=\/wp\/v2\/users\/2"}],"replies":[{"embeddable":true,"href":"https:\/\/old.gobiernodezapotillo.gob.ec\/index.php?rest_route=%2Fwp%2Fv2%2Fcomments&post=5036"}],"version-history":[{"count":2,"href":"https:\/\/old.gobiernodezapotillo.gob.ec\/index.php?rest_route=\/wp\/v2\/pages\/5036\/revisions"}],"predecessor-version":[{"id":5041,"href":"https:\/\/old.gobiernodezapotillo.gob.ec\/index.php?rest_route=\/wp\/v2\/pages\/5036\/revisions\/5041"}],"wp:attachment":[{"href":"https:\/\/old.gobiernodezapotillo.gob.ec\/index.php?rest_route=%2Fwp%2Fv2%2Fmedia&parent=5036"}],"curies":[{"name":"wp","href":"https:\/\/api.w.org\/{rel}","templated":true}]}}