{"id":4327,"date":"2020-08-09T19:48:20","date_gmt":"2020-08-10T00:48:20","guid":{"rendered":"https:\/\/old.gobiernodezapotillo.gob.ec\/?page_id=4327"},"modified":"2020-11-04T09:08:48","modified_gmt":"2020-11-04T14:08:48","slug":"rendicion-de-cuentas-2018-2","status":"publish","type":"page","link":"https:\/\/old.gobiernodezapotillo.gob.ec\/?page_id=4327","title":{"rendered":"RENDICI\u00d3N DE CUENTAS 2019"},"content":{"rendered":"\n<h4><strong>FASES DEL PROCESO DE RENDICI\u00d3N DE CUENTAS<\/strong><\/h4>\n\n\n\n<p><a href=\"https:\/\/old.gobiernodezapotillo.gob.ec\/wp-content\/uploads\/2020\/10\/PRIMERA-FACE.pdf\" target=\"_blank\" rel=\"noreferrer noopener\"><strong>FASE1. <\/strong>Planificaci\u00f3n y facilitaci\u00f3n del proceso de rendici\u00f3n de cuentas por la asamblea ciudadana.<\/a><\/p>\n\n\n\n<p><a href=\"https:\/\/old.gobiernodezapotillo.gob.ec\/wp-content\/uploads\/2020\/10\/SEGUNDA-FACE.pdf\" target=\"_blank\" rel=\"noreferrer noopener\"><strong>FASE2. <\/strong>Evaluaci\u00f3n de la gesti\u00f3n y elaboraci\u00f3n del informe de rendici\u00f3n de cuentas.<\/a><\/p>\n\n\n\n<p><a href=\"https:\/\/old.gobiernodezapotillo.gob.ec\/wp-content\/uploads\/2020\/10\/TERCERA-FACE.pdf\" target=\"_blank\" rel=\"noreferrer noopener\"><strong>FASE3. <\/strong>Deliberaci\u00f3n p\u00fablica y evaluaci\u00f3n ciudadana del informe de rendici\u00f3n de cuentas.<\/a><\/p>\n\n\n\n<p><strong>FASE4. <\/strong>Presentaci\u00f3n del informe final de rendici\u00f3n de cuentas que incluya la opini\u00f3n ciudadana y su plan de atenci\u00f3n, monitoreo y seguimiento<\/p>\n\n\n\n<p><strong>MEDIOS DE VERIFICACI\u00d3N&nbsp;<\/strong><\/p>\n\n\n\n<p>INFORME DE RENDICI\u00d3N DE CUENTAS<\/p>\n\n\n<iframe src=\"\/\/docs.google.com\/viewer?url=https%3A%2F%2Fold.gobiernodezapotillo.gob.ec%2Fwp-content%2Fuploads%2F2020%2F10%2FINFORME-RENDICION-CUENTAS-2020-ALCALDE-FINAL.pdf&hl=es&embedded=true\" class=\"gde-frame\" style=\"width:100%; height:500px; border: none;\" scrolling=\"no\"><\/iframe>\n<p class=\"gde-text\"><a href=\"https:\/\/old.gobiernodezapotillo.gob.ec\/wp-content\/uploads\/2020\/10\/INFORME-RENDICION-CUENTAS-2020-ALCALDE-FINAL.pdf\" class=\"gde-link\">Descargar (PDF, Desconocido)<\/a><\/p>\n\n\n\n<p>FIRMAS DE ASISTENCIA AL EVENTO<\/p>\n\n\n<iframe src=\"\/\/docs.google.com\/viewer?url=https%3A%2F%2Fold.gobiernodezapotillo.gob.ec%2Fwp-content%2Fuploads%2F2020%2F11%2FFIRMAS.pdf&hl=es&embedded=true\" class=\"gde-frame\" style=\"width:100%; height:500px; border: none;\" scrolling=\"no\"><\/iframe>\n<p class=\"gde-text\"><a href=\"https:\/\/old.gobiernodezapotillo.gob.ec\/wp-content\/uploads\/2020\/11\/FIRMAS.pdf\" class=\"gde-link\">Descargar (PDF, Desconocido)<\/a><\/p>\n\n\n\n<p>PRESENTACI\u00d3N DE RENDICI\u00d3N DE CUENTAS MAYO 2019-2020<\/p>\n\n\n<iframe src=\"\/\/docs.google.com\/viewer?url=https%3A%2F%2Fold.gobiernodezapotillo.gob.ec%2Fwp-content%2Fuploads%2F2020%2F10%2FPRESENTACION-DE-RENDICION-DE-CUENTAS-MAY-2019-2020.pdf&hl=es&embedded=true\" class=\"gde-frame\" style=\"width:100%; height:500px; border: none;\" scrolling=\"no\"><\/iframe>\n<p class=\"gde-text\"><a href=\"https:\/\/old.gobiernodezapotillo.gob.ec\/wp-content\/uploads\/2020\/10\/PRESENTACION-DE-RENDICION-DE-CUENTAS-MAY-2019-2020.pdf\" class=\"gde-link\">Descargar (PDF, Desconocido)<\/a><\/p>\n\n\n\nRENDICI\u00d3N DE CUENTAS.\n\n<iframe loading=\"lazy\" width=\"560\" height=\"315\" src=\"https:\/\/www.youtube.com\/embed\/HMRyJzupk_c\" frameborder=\"0\" allow=\"accelerometer; autoplay; clipboard-write; encrypted-media; gyroscope; picture-in-picture\" allowfullscreen=\"\"><\/iframe>\n\n\n\n<p><\/p>\n\n\n<p>ACTA DEL CONSEJO CANTONAL DE PLANIFICACI\u00d3N<\/p>\n<iframe src=\"\/\/docs.google.com\/viewer?url=https%3A%2F%2Fold.gobiernodezapotillo.gob.ec%2Fwp-content%2Fuploads%2F2020%2F11%2FACTA-DE-RENDICION222.pdf&hl=es&embedded=true\" class=\"gde-frame\" style=\"width:100%; height:500px; border: none;\" scrolling=\"no\"><\/iframe>\n<p class=\"gde-text\"><a href=\"https:\/\/old.gobiernodezapotillo.gob.ec\/wp-content\/uploads\/2020\/11\/ACTA-DE-RENDICION222.pdf\" class=\"gde-link\">Descargar (PDF, Desconocido)<\/a><\/p>\n","protected":false},"excerpt":{"rendered":"<p>FASES DEL PROCESO DE RENDICI\u00d3N DE CUENTAS FASE1. Planificaci\u00f3n y facilitaci\u00f3n del proceso de rendici\u00f3n de cuentas por la asamblea ciudadana. FASE2. Evaluaci\u00f3n de la&hellip;<\/p>\n","protected":false},"author":1,"featured_media":0,"parent":0,"menu_order":0,"comment_status":"closed","ping_status":"closed","template":"","meta":[],"_links":{"self":[{"href":"https:\/\/old.gobiernodezapotillo.gob.ec\/index.php?rest_route=\/wp\/v2\/pages\/4327"}],"collection":[{"href":"https:\/\/old.gobiernodezapotillo.gob.ec\/index.php?rest_route=\/wp\/v2\/pages"}],"about":[{"href":"https:\/\/old.gobiernodezapotillo.gob.ec\/index.php?rest_route=\/wp\/v2\/types\/page"}],"author":[{"embeddable":true,"href":"https:\/\/old.gobiernodezapotillo.gob.ec\/index.php?rest_route=\/wp\/v2\/users\/1"}],"replies":[{"embeddable":true,"href":"https:\/\/old.gobiernodezapotillo.gob.ec\/index.php?rest_route=%2Fwp%2Fv2%2Fcomments&post=4327"}],"version-history":[{"count":36,"href":"https:\/\/old.gobiernodezapotillo.gob.ec\/index.php?rest_route=\/wp\/v2\/pages\/4327\/revisions"}],"predecessor-version":[{"id":5390,"href":"https:\/\/old.gobiernodezapotillo.gob.ec\/index.php?rest_route=\/wp\/v2\/pages\/4327\/revisions\/5390"}],"wp:attachment":[{"href":"https:\/\/old.gobiernodezapotillo.gob.ec\/index.php?rest_route=%2Fwp%2Fv2%2Fmedia&parent=4327"}],"curies":[{"name":"wp","href":"https:\/\/api.w.org\/{rel}","templated":true}]}}