{"id":3980,"date":"2020-03-08T23:38:18","date_gmt":"2020-03-09T04:38:18","guid":{"rendered":"https:\/\/old.gobiernodezapotillo.gob.ec\/?page_id=3980"},"modified":"2020-09-12T12:40:38","modified_gmt":"2020-09-12T17:40:38","slug":"gaceta-municipal-2020","status":"publish","type":"page","link":"https:\/\/old.gobiernodezapotillo.gob.ec\/?page_id=3980","title":{"rendered":"GACETA MUNICIPAL 2020"},"content":{"rendered":"<p><strong>ORDENANZA BIOSEGURIDAD 2020<\/strong><\/p>\n<iframe src=\"\/\/docs.google.com\/viewer?url=https%3A%2F%2Fold.gobiernodezapotillo.gob.ec%2Fwp-content%2Fuploads%2F2020%2F06%2FORDENANZA-BIOSEGURIDAD-2020.pdf&hl=es&embedded=true\" class=\"gde-frame\" style=\"width:100%; height:500px; border: none;\" scrolling=\"no\"><\/iframe>\n<p class=\"gde-text\"><a href=\"https:\/\/old.gobiernodezapotillo.gob.ec\/wp-content\/uploads\/2020\/06\/ORDENANZA-BIOSEGURIDAD-2020.pdf\" class=\"gde-link\">Descargar (PDF, Desconocido)<\/a><\/p>\n<p><strong>CERTIFICACI\u00d3N&nbsp; ING. JUAN LEONEL CORREA REQUENA, LICENCIA<\/strong><\/p>\n<iframe src=\"\/\/docs.google.com\/viewer?url=https%3A%2F%2Fold.gobiernodezapotillo.gob.ec%2Fwp-content%2Fuploads%2F2020%2F07%2F1.-certificacion-Ing-Juan-Leonel-Correa-Requena-licencia.pdf&hl=es&embedded=true\" class=\"gde-frame\" style=\"width:100%; height:500px; border: none;\" scrolling=\"no\"><\/iframe>\n<p class=\"gde-text\"><a href=\"https:\/\/old.gobiernodezapotillo.gob.ec\/wp-content\/uploads\/2020\/07\/1.-certificacion-Ing-Juan-Leonel-Correa-Requena-licencia.pdf\" class=\"gde-link\">Descargar (PDF, Desconocido)<\/a><\/p>\n<p><strong>CERTIFICACI\u00d3N&nbsp; ING. JUAN LEONEL CORREA REQUENA,LICENCIA DE AMPLIACI\u00d3N<\/strong><\/p>\n<iframe src=\"\/\/docs.google.com\/viewer?url=https%3A%2F%2Fold.gobiernodezapotillo.gob.ec%2Fwp-content%2Fuploads%2F2020%2F07%2F2.-Certificacion-Ing.-Juan-Leonel-Correa-licencia-de-ampliacion.pdf&hl=es&embedded=true\" class=\"gde-frame\" style=\"width:100%; height:500px; border: none;\" scrolling=\"no\"><\/iframe>\n<p class=\"gde-text\"><a href=\"https:\/\/old.gobiernodezapotillo.gob.ec\/wp-content\/uploads\/2020\/07\/2.-Certificacion-Ing.-Juan-Leonel-Correa-licencia-de-ampliacion.pdf\" class=\"gde-link\">Descargar (PDF, Desconocido)<\/a><\/p>\n<p>&nbsp;<\/p>\n\n\n<p><\/p>\n","protected":false},"excerpt":{"rendered":"<p>ORDENANZA BIOSEGURIDAD 2020 CERTIFICACI\u00d3N&nbsp; ING. JUAN LEONEL CORREA REQUENA, LICENCIA CERTIFICACI\u00d3N&nbsp; ING. JUAN LEONEL CORREA REQUENA,LICENCIA DE AMPLIACI\u00d3N &nbsp;<\/p>\n","protected":false},"author":2,"featured_media":0,"parent":0,"menu_order":0,"comment_status":"closed","ping_status":"closed","template":"","meta":[],"_links":{"self":[{"href":"https:\/\/old.gobiernodezapotillo.gob.ec\/index.php?rest_route=\/wp\/v2\/pages\/3980"}],"collection":[{"href":"https:\/\/old.gobiernodezapotillo.gob.ec\/index.php?rest_route=\/wp\/v2\/pages"}],"about":[{"href":"https:\/\/old.gobiernodezapotillo.gob.ec\/index.php?rest_route=\/wp\/v2\/types\/page"}],"author":[{"embeddable":true,"href":"https:\/\/old.gobiernodezapotillo.gob.ec\/index.php?rest_route=\/wp\/v2\/users\/2"}],"replies":[{"embeddable":true,"href":"https:\/\/old.gobiernodezapotillo.gob.ec\/index.php?rest_route=%2Fwp%2Fv2%2Fcomments&post=3980"}],"version-history":[{"count":20,"href":"https:\/\/old.gobiernodezapotillo.gob.ec\/index.php?rest_route=\/wp\/v2\/pages\/3980\/revisions"}],"predecessor-version":[{"id":4367,"href":"https:\/\/old.gobiernodezapotillo.gob.ec\/index.php?rest_route=\/wp\/v2\/pages\/3980\/revisions\/4367"}],"wp:attachment":[{"href":"https:\/\/old.gobiernodezapotillo.gob.ec\/index.php?rest_route=%2Fwp%2Fv2%2Fmedia&parent=3980"}],"curies":[{"name":"wp","href":"https:\/\/api.w.org\/{rel}","templated":true}]}}