{"id":3877,"date":"2020-03-07T10:56:54","date_gmt":"2020-03-07T15:56:54","guid":{"rendered":"https:\/\/old.gobiernodezapotillo.gob.ec\/?page_id=3877"},"modified":"2021-07-21T11:35:51","modified_gmt":"2021-07-21T16:35:51","slug":"videos","status":"publish","type":"page","link":"https:\/\/old.gobiernodezapotillo.gob.ec\/?page_id=3877","title":{"rendered":"VIDEOS"},"content":{"rendered":"\nAgua Potable Zapotillo\n\n<iframe loading=\"lazy\" width=\"510\" height=\"314\" src=\"https:\/\/www.youtube.com\/embed\/YJ2SHs4MVbo\" frameborder=\"0\" allow=\"accelerometer; autoplay; encrypted-media; gyroscope; picture-in-picture\" allowfullscreen=\"\"><\/iframe>\n\n\n\n<p><\/p>\n\n\n\nUNIDADES B\u00c1SICAS SANITARIAS EN BARRIOS: LAS PAMPAS Y GU\u00c1SIMO NORTE.\n\n<iframe loading=\"lazy\" width=\"560\" height=\"315\" src=\"https:\/\/www.youtube.com\/embed\/v2-j-df1DpM\" frameborder=\"0\" allow=\"accelerometer; autoplay; encrypted-media; gyroscope; picture-in-picture\" allowfullscreen=\"\"><\/iframe>\n\n\n\nUBS BARRIO LAS PAMPAS.\n\n<iframe loading=\"lazy\" width=\"560\" height=\"315\" src=\"https:\/\/www.youtube.com\/embed\/AO-tWpJh87g\" frameborder=\"0\" allow=\"accelerometer; autoplay; encrypted-media; gyroscope; picture-in-picture\" allowfullscreen=\"\"><\/iframe>\n\n\n\nRENDICI\u00d3N DE CUENTAS 2019.\n\n<iframe loading=\"lazy\" width=\"560\" height=\"315\" src=\"https:\/\/www.youtube.com\/embed\/R3l1P7Sm9SY\" frameborder=\"0\" allow=\"accelerometer; autoplay; clipboard-write; encrypted-media; gyroscope; picture-in-picture\" allowfullscreen=\"\"><\/iframe>\n\n\n\nRENDICI\u00d3N DE CUENTAS 2020.\n\n<iframe loading=\"lazy\" width=\"560\" height=\"315\" src=\"https:\/\/www.youtube.com\/embed\/xN-x3rwcZgE\" title=\"YouTube video player\" frameborder=\"0\" allow=\"accelerometer; autoplay; clipboard-write; encrypted-media; gyroscope; picture-in-picture\" allowfullscreen><\/iframe>\n","protected":false},"excerpt":{"rendered":"<p>Agua Potable Zapotillo UNIDADES B\u00c1SICAS SANITARIAS EN BARRIOS: LAS PAMPAS Y GU\u00c1SIMO NORTE. UBS BARRIO LAS PAMPAS. RENDICI\u00d3N DE CUENTAS 2019. RENDICI\u00d3N DE CUENTAS 2020.<\/p>\n","protected":false},"author":2,"featured_media":0,"parent":0,"menu_order":0,"comment_status":"closed","ping_status":"closed","template":"","meta":[],"_links":{"self":[{"href":"https:\/\/old.gobiernodezapotillo.gob.ec\/index.php?rest_route=\/wp\/v2\/pages\/3877"}],"collection":[{"href":"https:\/\/old.gobiernodezapotillo.gob.ec\/index.php?rest_route=\/wp\/v2\/pages"}],"about":[{"href":"https:\/\/old.gobiernodezapotillo.gob.ec\/index.php?rest_route=\/wp\/v2\/types\/page"}],"author":[{"embeddable":true,"href":"https:\/\/old.gobiernodezapotillo.gob.ec\/index.php?rest_route=\/wp\/v2\/users\/2"}],"replies":[{"embeddable":true,"href":"https:\/\/old.gobiernodezapotillo.gob.ec\/index.php?rest_route=%2Fwp%2Fv2%2Fcomments&post=3877"}],"version-history":[{"count":19,"href":"https:\/\/old.gobiernodezapotillo.gob.ec\/index.php?rest_route=\/wp\/v2\/pages\/3877\/revisions"}],"predecessor-version":[{"id":7210,"href":"https:\/\/old.gobiernodezapotillo.gob.ec\/index.php?rest_route=\/wp\/v2\/pages\/3877\/revisions\/7210"}],"wp:attachment":[{"href":"https:\/\/old.gobiernodezapotillo.gob.ec\/index.php?rest_route=%2Fwp%2Fv2%2Fmedia&parent=3877"}],"curies":[{"name":"wp","href":"https:\/\/api.w.org\/{rel}","templated":true}]}}