{"id":3665,"date":"2020-02-20T16:14:47","date_gmt":"2020-02-20T21:14:47","guid":{"rendered":"https:\/\/old.gobiernodezapotillo.gob.ec\/?page_id=3665"},"modified":"2022-06-03T10:47:23","modified_gmt":"2022-06-03T15:47:23","slug":"2020-2","status":"publish","type":"page","link":"https:\/\/old.gobiernodezapotillo.gob.ec\/?page_id=3665","title":{"rendered":"LOTAIP"},"content":{"rendered":"\n<div class=\"wp-block-group\"><div class=\"wp-block-group__inner-container\">\n<p><a href=\"https:\/\/old.gobiernodezapotillo.gob.ec\/wp-content\/uploads\/2022\/05\/certificado.pdf\" target=\"_blank\" rel=\"noopener\">Certificado de Presentaci\u00f3n del Informe Anual Cumplimiento LOTAIP a\u00f1o 2021<\/a><\/p>\n<p style=\"text-align: left;\"><a href=\"https:\/\/old.gobiernodezapotillo.gob.ec\/wp-content\/uploads\/2021\/02\/certificado_Aprobacion2020.pdf\" target=\"_blank\" rel=\"noopener noreferrer\">Certificado de Presentaci\u00f3n del Informe Anual Cumplimiento LOTAIP a\u00f1o 2020<\/a>&nbsp;<\/p>\n<p style=\"text-align: left;\"><a href=\"https:\/\/old.gobiernodezapotillo.gob.ec\/wp-content\/uploads\/2020\/11\/certificado-Aprobacion.pdf\" target=\"_blank\" rel=\"noopener noreferrer\">Certificado de Presentaci\u00f3n del Informe Anual Cumplimiento LOTAIP a\u00f1o 2019<\/a><\/p>\n<h3 class=\"sp-module-title\">Transparencia<\/h3>\n<div class=\"su-spoiler su-spoiler-style-default su-spoiler-icon-plus su-spoiler-closed\" data-scroll-offset=\"0\" data-anchor-in-url=\"no\"><div class=\"su-spoiler-title\" tabindex=\"0\" role=\"button\"><span class=\"su-spoiler-icon\"><\/span>2022<\/div><div class=\"su-spoiler-content su-u-clearfix su-u-trim\">\n<ul>\n<li><a href=\"https:\/\/old.gobiernodezapotillo.gob.ec\/?page_id=7940(abre en una nueva pesta\u00f1a)\" data-wplink-url-error=\"true\"><span style=\"color: #0000ff;\"><strong>Enero<\/strong><\/span><\/a><\/li>\n<li><a href=\"https:\/\/old.gobiernodezapotillo.gob.ec\/?page_id=8080\"><strong><span style=\"color: #0000ff;\">Febrero<\/span><\/strong><\/a><\/li>\n<li><a href=\"https:\/\/old.gobiernodezapotillo.gob.ec\/?page_id=8101(abre en una nueva pesta\u00f1a)\" target=\"_blank\" rel=\"noopener noreferrer\" data-wplink-url-error=\"true\"><strong><span style=\"color: #0000ff;\">Marzo<\/span><\/strong><\/a><\/li>\n<li><a href=\"https:\/\/old.gobiernodezapotillo.gob.ec\/?page_id=6900(abre en una nueva pesta\u00f1a)\" target=\"_blank\" rel=\"noopener\" data-wplink-url-error=\"true\"><strong><span style=\"color: #0000ff;\">Abril<\/span><\/strong><\/a><\/li>\n<li><a href=\"https:\/\/old.gobiernodezapotillo.gob.ec\/?page_id=7038\" target=\"_blank\" rel=\"noopener\"><strong><span style=\"color: #0000ff;\">Mayo<\/span><\/strong><\/a><\/li>\n<\/ul>\n<p>&nbsp;<\/p>\n<\/div><\/div>\n<p style=\"text-align: left;\"><div class=\"su-spoiler su-spoiler-style-default su-spoiler-icon-plus su-spoiler-closed\" data-scroll-offset=\"0\" data-anchor-in-url=\"no\"><div class=\"su-spoiler-title\" tabindex=\"0\" role=\"button\"><span class=\"su-spoiler-icon\"><\/span>2021<\/div><div class=\"su-spoiler-content su-u-clearfix su-u-trim\">\n<ul>\n<li style=\"text-align: left;\"><a href=\"https:\/\/old.gobiernodezapotillo.gob.ec\/?page_id=6455(abre en una nueva pesta\u00f1a)\" target=\"_blank\" rel=\"noopener noreferrer\" data-wplink-url-error=\"true\"><span style=\"color: #0000ff;\"><strong>Enero<\/strong><\/span><\/a><\/li>\n<li><a href=\"https:\/\/old.gobiernodezapotillo.gob.ec\/?page_id=6593\"><strong><span style=\"color: #0000ff;\">Febrero<\/span><\/strong><\/a><\/li>\n<li><a href=\"https:\/\/old.gobiernodezapotillo.gob.ec\/?page_id=6728(abre en una nueva pesta\u00f1a)\" target=\"_blank\" rel=\"noopener noreferrer\" data-wplink-url-error=\"true\"><strong><span style=\"color: #0000ff;\">Marzo<\/span><\/strong><\/a><\/li>\n<li><a href=\"https:\/\/old.gobiernodezapotillo.gob.ec\/?page_id=6900(abre en una nueva pesta\u00f1a)\" target=\"_blank\" rel=\"noopener\" data-wplink-url-error=\"true\"><strong><span style=\"color: #0000ff;\">Abril<\/span><\/strong><\/a><\/li>\n<li><a href=\"https:\/\/old.gobiernodezapotillo.gob.ec\/?page_id=7038\" target=\"_blank\" rel=\"noopener\"><strong><span style=\"color: #0000ff;\">Mayo<\/span><\/strong><\/a><\/li>\n<li><a href=\"https:\/\/old.gobiernodezapotillo.gob.ec\/?page_id=7147(abre en una nueva pesta\u00f1a)\" target=\"_blank\" rel=\"noopener\" data-wplink-url-error=\"true\"><span style=\"color: #0000ff;\"><strong>Junio<\/strong><\/span><\/a><\/li>\n<li><a href=\"https:\/\/old.gobiernodezapotillo.gob.ec\/?page_id=7195\" target=\"_blank\" rel=\"noopener\"><span style=\"color: #0000ff;\"><strong>Julio<\/strong><\/span><\/a><\/li>\n<li><span style=\"color: #0000ff;\"><strong><a href=\"https:\/\/old.gobiernodezapotillo.gob.ec\/?page_id=7243\" target=\"_blank\" rel=\"noopener\"><span style=\"color: #0000ff;\">Agosto<\/span><\/a><\/strong><\/span><\/li>\n<li><a href=\"https:\/\/old.gobiernodezapotillo.gob.ec\/?page_id=7265(abre en una nueva pesta\u00f1a)\" data-wplink-url-error=\"true\"><span style=\"color: #0000ff;\"><strong><span style=\"color: #0000ff;\">Septiembre<\/span><\/strong><\/span><\/a><\/li>\n<li><span style=\"color: #0000ff;\"><strong><a href=\"https:\/\/old.gobiernodezapotillo.gob.ec\/?page_id=7553(abre en una nueva pesta\u00f1a)\" target=\"_blank\" rel=\"noopener\" data-wplink-url-error=\"true\"><span style=\"color: #0000ff;\">Octubre<\/span><\/a><\/strong><\/span><\/li>\n<li><span style=\"color: #333399;\"><strong><a style=\"color: #333399;\" href=\"https:\/\/old.gobiernodezapotillo.gob.ec\/?page_id=7669\"><span style=\"color: #0000ff;\">Noviembre<\/span><\/a><\/strong><\/span><\/li>\n<li><a href=\"https:\/\/old.gobiernodezapotillo.gob.ec\/?page_id=7768(abre en una nueva pesta\u00f1a)\" data-wplink-url-error=\"true\"><strong><span style=\"color: #0000ff;\">Diciembre<\/span><\/strong><\/a><\/li>\n<\/ul>\n<p style=\"text-align: left;\"><\/div><\/div>\n<p style=\"text-align: left;\"><div class=\"su-spoiler su-spoiler-style-default su-spoiler-icon-plus su-spoiler-closed\" data-scroll-offset=\"0\" data-anchor-in-url=\"no\"><div class=\"su-spoiler-title\" tabindex=\"0\" role=\"button\"><span class=\"su-spoiler-icon\"><\/span>2020<\/div><div class=\"su-spoiler-content su-u-clearfix su-u-trim\">\n<ul>\n<li style=\"text-align: left;\"><a href=\"https:\/\/old.gobiernodezapotillo.gob.ec\/?page_id=5727\" target=\"_blank\" rel=\"noopener noreferrer\"><span style=\"color: #0000ff;\"><strong>Enero<\/strong><\/span><\/a><\/li>\n<li style=\"text-align: left;\"><a href=\"https:\/\/old.gobiernodezapotillo.gob.ec\/?page_id=5516(abre en una nueva pesta\u00f1a)\" target=\"_blank\" rel=\"noopener noreferrer\" data-wplink-url-error=\"true\"><strong><span style=\"color: #0000ff;\">Febrero<\/span><\/strong><\/a><\/li>\n<li style=\"text-align: left;\"><a href=\"https:\/\/old.gobiernodezapotillo.gob.ec\/?page_id=5584(abre en una nueva pesta\u00f1a)\" target=\"_blank\" rel=\"noopener noreferrer\" data-wplink-url-error=\"true\"><strong><span style=\"color: #0000ff;\">Marzo<\/span><\/strong><\/a><\/li>\n<li style=\"text-align: left;\"><a href=\"https:\/\/old.gobiernodezapotillo.gob.ec\/?page_id=5604\" target=\"_blank\" rel=\"noopener noreferrer\"><strong><span style=\"color: #0000ff;\">Abril<\/span><\/strong><\/a><\/li>\n<li style=\"text-align: left;\"><a href=\"https:\/\/old.gobiernodezapotillo.gob.ec\/?page_id=5617(abre en una nueva pesta\u00f1a)\" target=\"_blank\" rel=\"noopener noreferrer\" data-wplink-url-error=\"true\"><strong><span style=\"color: #0000ff;\">Mayo&nbsp;<\/span><\/strong><\/a><\/li>\n<li style=\"text-align: left;\"><a href=\"https:\/\/old.gobiernodezapotillo.gob.ec\/?page_id=5625\" target=\"_blank\" rel=\"noopener noreferrer\"><span style=\"color: #0000ff;\"><strong>Junio<\/strong><\/span><\/a><\/li>\n<li style=\"text-align: left;\"><a href=\"https:\/\/old.gobiernodezapotillo.gob.ec\/?page_id=5629\" target=\"_blank\" rel=\"noopener noreferrer\"><span style=\"color: #0000ff;\"><strong>Julio<\/strong><\/span><\/a><\/li>\n<li style=\"text-align: left;\"><a href=\"https:\/\/old.gobiernodezapotillo.gob.ec\/?page_id=5637(abre en una nueva pesta\u00f1a)\" target=\"_blank\" rel=\"noopener noreferrer\" data-wplink-url-error=\"true\"><strong><span style=\"color: #0000ff;\">Agosto<\/span><\/strong><\/a><\/li>\n<li style=\"text-align: left;\"><a href=\"https:\/\/old.gobiernodezapotillo.gob.ec\/?page_id=5071\" target=\"_blank\" rel=\"noopener noreferrer\"><span style=\"color: #000080;\"><strong><span style=\"color: #0000ff;\">Septiembre<\/span><\/strong><\/span><\/a><\/li>\n<li style=\"text-align: left;\"><span style=\"color: #0000ff;\"><a style=\"color: #0000ff;\" href=\"https:\/\/old.gobiernodezapotillo.gob.ec\/?page_id=5316(abre en una nueva pesta\u00f1a)\" target=\"_blank\" rel=\"noopener noreferrer\" data-wplink-url-error=\"true\"><strong>Octubre<\/strong><\/a><\/span><\/li>\n<li style=\"text-align: left;\"><span style=\"color: #0000ff;\"><a style=\"color: #0000ff;\" href=\"https:\/\/old.gobiernodezapotillo.gob.ec\/?page_id=5403\" target=\"_blank\" rel=\"noopener noreferrer\"><strong>Noviembre&nbsp;&nbsp;<\/strong><\/a><\/span><\/li>\n<li><a href=\"https:\/\/old.gobiernodezapotillo.gob.ec\/?page_id=5868\" target=\"_blank\" rel=\"noopener noreferrer\"><span style=\"color: #0000ff;\"><strong>Diciembre<\/strong><\/span><\/a><\/li>\n<\/ul>\n<p style=\"text-align: left;\"><\/div><\/div>\n<p style=\"text-align: left;\">&nbsp;<\/p>\n\n\n\n<p><\/p>\n<\/div><\/div>\n","protected":false},"excerpt":{"rendered":"<p>Certificado de Presentaci\u00f3n del Informe Anual Cumplimiento LOTAIP a\u00f1o 2021 Certificado de Presentaci\u00f3n del Informe Anual Cumplimiento LOTAIP a\u00f1o 2020&nbsp; Certificado de Presentaci\u00f3n del Informe&hellip;<\/p>\n","protected":false},"author":2,"featured_media":0,"parent":0,"menu_order":0,"comment_status":"closed","ping_status":"closed","template":"","meta":[],"_links":{"self":[{"href":"https:\/\/old.gobiernodezapotillo.gob.ec\/index.php?rest_route=\/wp\/v2\/pages\/3665"}],"collection":[{"href":"https:\/\/old.gobiernodezapotillo.gob.ec\/index.php?rest_route=\/wp\/v2\/pages"}],"about":[{"href":"https:\/\/old.gobiernodezapotillo.gob.ec\/index.php?rest_route=\/wp\/v2\/types\/page"}],"author":[{"embeddable":true,"href":"https:\/\/old.gobiernodezapotillo.gob.ec\/index.php?rest_route=\/wp\/v2\/users\/2"}],"replies":[{"embeddable":true,"href":"https:\/\/old.gobiernodezapotillo.gob.ec\/index.php?rest_route=%2Fwp%2Fv2%2Fcomments&post=3665"}],"version-history":[{"count":144,"href":"https:\/\/old.gobiernodezapotillo.gob.ec\/index.php?rest_route=\/wp\/v2\/pages\/3665\/revisions"}],"predecessor-version":[{"id":8138,"href":"https:\/\/old.gobiernodezapotillo.gob.ec\/index.php?rest_route=\/wp\/v2\/pages\/3665\/revisions\/8138"}],"wp:attachment":[{"href":"https:\/\/old.gobiernodezapotillo.gob.ec\/index.php?rest_route=%2Fwp%2Fv2%2Fmedia&parent=3665"}],"curies":[{"name":"wp","href":"https:\/\/api.w.org\/{rel}","templated":true}]}}