{"id":3547,"date":"2019-12-18T16:30:29","date_gmt":"2019-12-18T21:30:29","guid":{"rendered":"https:\/\/old.gobiernodezapotillo.gob.ec\/?page_id=3547"},"modified":"2019-12-18T16:30:32","modified_gmt":"2019-12-18T21:30:32","slug":"como-llegar-al-aecm-los-guayacanes-para-observar-el-florecimiento-de-los-guayacanes","status":"publish","type":"page","link":"https:\/\/old.gobiernodezapotillo.gob.ec\/?page_id=3547","title":{"rendered":"\u00bfC\u00f3mo llegar al AECM Los Guayacanes para observar el florecimiento de los guayacanes?"},"content":{"rendered":"\n<p>Te compartimos las rutas de acceso desde la regi\u00f3n sierra y regi\u00f3n costa que parten desde los puntos m\u00e1s cercanos para llegar a la ciudad de Zapotillo.<\/p>\n\n\n\n<p>Los visitantes deber\u00e1n llegar desde las diferentes ciudades del pa\u00eds hasta estos puntos.<\/p>\n\n\n\n<p><strong>RUTA 1. Desde la Ciudad de Loja:<\/strong><\/p>\n\n\n\n<p>Loja \u2013 Catamayo \u2013 Catacocha \u2013 El Empalme \u2013 Celica -Zapotillo.<\/p>\n\n\n\n<p>Esta ruta desde la ciudad de Loja hasta la ciudad de Zapotillo tiene una duraci\u00f3n de aproximadamente 3h30 en veh\u00edculo particular y de 5 horas en transporte p\u00fablico (cooperativa Loja, cooperativa Cariamanga).<\/p>\n\n\n\n<p><strong>RUTA 2. Desde la ciudad de Machala:<\/strong><\/p>\n\n\n\n<p>Machala \u2013 Santa Rosa \u2013 \u201cY\u201d de Alamor \u2013 Pindal &#8211; Zapotillo.<br>Esta ruta desde la capital orense tiene una duraci\u00f3n de aproximadamente 3 horas en veh\u00edculo particular.<\/p>\n\n\n\n<p><strong>Desde el Per\u00fa:<\/strong><\/p>\n\n\n\n<p>Partiendo desde la ciudad de Piura hacia Sullana encontramos dos v\u00edas de acceso hacia la frontera sur del Ecuador:<\/p>\n\n\n\n<p>Sullana \u2013 La Tina \u2013 Macar\u00e1 \u2013 Zapotillo. Con una duraci\u00f3n de 3 horas aproximadamente en veh\u00edculo particular<\/p>\n\n\n\n<p>Sullana \u2013 Lancones \u2013 Lalamor \u2013 Zapotillo. Con una duraci\u00f3n de 1 hora en veh\u00edculo particular.<\/p>\n\n\n\n<p><strong>Ruta interna desde Zapotillo:<\/strong><\/p>\n\n\n\n<p>Para llegar al AECM Los Guayacanes desde la ciudad de Zapotillo se debe seguir la siguiente ruta dentro del cant\u00f3n, en una v\u00eda de tercer orden:<\/p>\n\n\n\n<p>Zapotillo \u2013 La Ceiba \u2013 Paletillas \u2013 Bolaspamba \u2013 Mangahurco \u2013 Cazaderos.<br>El tiempo aproximado de esta ruta interparroquial es de 2 horas.<\/p>\n\n\n\n<hr class=\"wp-block-separator\"\/>\n\n\n\n<div class=\"wp-block-image\"><figure class=\"aligncenter size-large\"><img loading=\"lazy\" width=\"690\" height=\"788\" src=\"https:\/\/old.gobiernodezapotillo.gob.ec\/wp-content\/uploads\/2019\/12\/79454168_154301912581906_2790611247744155648_n.png\" alt=\"\" class=\"wp-image-3543\"\/><\/figure><\/div>\n","protected":false},"excerpt":{"rendered":"<p>Te compartimos las rutas de acceso desde la regi\u00f3n sierra y regi\u00f3n costa que parten desde los puntos m\u00e1s cercanos para llegar a la ciudad&hellip;<\/p>\n","protected":false},"author":2,"featured_media":0,"parent":0,"menu_order":0,"comment_status":"closed","ping_status":"closed","template":"","meta":[],"_links":{"self":[{"href":"https:\/\/old.gobiernodezapotillo.gob.ec\/index.php?rest_route=\/wp\/v2\/pages\/3547"}],"collection":[{"href":"https:\/\/old.gobiernodezapotillo.gob.ec\/index.php?rest_route=\/wp\/v2\/pages"}],"about":[{"href":"https:\/\/old.gobiernodezapotillo.gob.ec\/index.php?rest_route=\/wp\/v2\/types\/page"}],"author":[{"embeddable":true,"href":"https:\/\/old.gobiernodezapotillo.gob.ec\/index.php?rest_route=\/wp\/v2\/users\/2"}],"replies":[{"embeddable":true,"href":"https:\/\/old.gobiernodezapotillo.gob.ec\/index.php?rest_route=%2Fwp%2Fv2%2Fcomments&post=3547"}],"version-history":[{"count":3,"href":"https:\/\/old.gobiernodezapotillo.gob.ec\/index.php?rest_route=\/wp\/v2\/pages\/3547\/revisions"}],"predecessor-version":[{"id":3550,"href":"https:\/\/old.gobiernodezapotillo.gob.ec\/index.php?rest_route=\/wp\/v2\/pages\/3547\/revisions\/3550"}],"wp:attachment":[{"href":"https:\/\/old.gobiernodezapotillo.gob.ec\/index.php?rest_route=%2Fwp%2Fv2%2Fmedia&parent=3547"}],"curies":[{"name":"wp","href":"https:\/\/api.w.org\/{rel}","templated":true}]}}