{"id":3259,"date":"2019-08-01T09:07:13","date_gmt":"2019-08-01T14:07:13","guid":{"rendered":"https:\/\/old.gobiernodezapotillo.gob.ec\/?page_id=3259"},"modified":"2023-06-07T05:53:49","modified_gmt":"2023-06-07T10:53:49","slug":"portada","status":"publish","type":"page","link":"https:\/\/old.gobiernodezapotillo.gob.ec\/","title":{"rendered":"Portada"},"content":{"rendered":"\n<p class=\"has-text-color\" style=\"color:#1223a1\"><strong>SERVICIOS EN LINEA<\/strong><\/p>\n\n\n\n<div class=\"wp-block-image\"><figure class=\"aligncenter size-large is-resized\"><a href=\"https:\/\/www.gobiernodezapotillo.gob.ec:2096\/\" target=\"_blank\" rel=\"noopener noreferrer\"><img loading=\"lazy\" src=\"https:\/\/old.gobiernodezapotillo.gob.ec\/wp-content\/uploads\/2020\/09\/Webmail-2-5.jpg\" alt=\"\" class=\"wp-image-4651\" width=\"96\" height=\"62\"\/><\/a><\/figure><\/div>\n\n\n\n<p><strong><span style=\"color:#0300a3\" class=\"has-inline-color\">GU\u00cdA DE TRAMITES<\/span><\/strong><\/p>\n\n\n\n<div class=\"wp-block-image\"><figure class=\"alignleft size-large is-resized\"><img loading=\"lazy\" src=\"https:\/\/old.gobiernodezapotillo.gob.ec\/wp-content\/uploads\/2020\/09\/Avaluos-Catastros-6.png\" alt=\"\" class=\"wp-image-4637\" width=\"139\" height=\"79\"\/><\/figure><\/div>\n\n\n\n<div class=\"wp-block-image\"><figure class=\"alignright size-large is-resized\"><a href=\"https:\/\/old.gobiernodezapotillo.gob.ec\/?page_id=5036\" target=\"_blank\" rel=\"noopener noreferrer\"><img loading=\"lazy\" src=\"https:\/\/old.gobiernodezapotillo.gob.ec\/wp-content\/uploads\/2020\/10\/TRANSITO.jpeg\" alt=\"\" class=\"wp-image-5028\" width=\"134\" height=\"88\" srcset=\"https:\/\/old.gobiernodezapotillo.gob.ec\/wp-content\/uploads\/2020\/10\/TRANSITO.jpeg 1280w, https:\/\/old.gobiernodezapotillo.gob.ec\/wp-content\/uploads\/2020\/10\/TRANSITO-768x503.jpeg 768w\" sizes=\"(max-width: 134px) 100vw, 134px\" \/><\/a><\/figure><\/div>\n\n\n\n<div class=\"wp-block-image\"><figure class=\"alignleft size-large is-resized\"><a href=\"https:\/\/old.gobiernodezapotillo.gob.ec\/?page_id=5091\" target=\"_blank\" rel=\"noopener noreferrer\"><img loading=\"lazy\" src=\"https:\/\/old.gobiernodezapotillo.gob.ec\/wp-content\/uploads\/2020\/09\/ServiciosEnLinea-7-3.png\" alt=\"\" class=\"wp-image-4671\" width=\"125\" height=\"89\"\/><\/a><\/figure><\/div>\n\n\n\n<div class=\"wp-block-image\"><figure class=\"alignleft size-large is-resized\"><a href=\"\/\/old.gobiernodezapotillo.gob.ec\/?page_id=2891\" target=\"_blank\" rel=\"noopener noreferrer\"><img loading=\"lazy\" src=\"https:\/\/old.gobiernodezapotillo.gob.ec\/wp-content\/uploads\/2020\/09\/Planificacio\u0301n-1.png\" alt=\"\" class=\"wp-image-4639\" width=\"176\" height=\"88\"\/><\/a><\/figure><\/div>\n\n\n\n<div class=\"wp-block-group\"><div class=\"wp-block-group__inner-container\">\n<div class=\"wp-block-image\"><figure class=\"alignleft size-large is-resized\"><a href=\"https:\/\/old.gobiernodezapotillo.gob.ec\/?page_id=3615\" target=\"_blank\" rel=\"noopener noreferrer\"><img loading=\"lazy\" src=\"https:\/\/old.gobiernodezapotillo.gob.ec\/wp-content\/uploads\/2020\/09\/Registro_DeLa_Propiedad-1.png\" alt=\"\" class=\"wp-image-4622\" width=\"156\" height=\"101\"\/><\/a><\/figure><\/div>\n\n\n\n<p>                        <\/p>\n<\/div><\/div>\n\n\n\n<p class=\"has-white-color has-text-color\">ZAPOTILLO<\/p>\n\n\n\n<figure class=\"wp-block-gallery columns-0 is-cropped\"><ul class=\"blocks-gallery-grid\"><\/ul><\/figure>\n\n\n\n<figure class=\"wp-block-gallery columns-6 is-cropped\"><ul class=\"blocks-gallery-grid\"><li class=\"blocks-gallery-item\"><figure><img loading=\"lazy\" width=\"283\" height=\"178\" src=\"https:\/\/old.gobiernodezapotillo.gob.ec\/wp-content\/uploads\/2020\/09\/CAZADEROS.jpg\" alt=\"\" data-id=\"4958\" data-full-url=\"https:\/\/old.gobiernodezapotillo.gob.ec\/wp-content\/uploads\/2020\/09\/CAZADEROS.jpg\" data-link=\"https:\/\/old.gobiernodezapotillo.gob.ec\/?attachment_id=4958\" class=\"wp-image-4958\"\/><figcaption class=\"blocks-gallery-item__caption\"><strong><a rel=\"noreferrer noopener\" href=\"http:\/\/cazaderos.gob.ec\/\" target=\"_blank\"><span class=\"has-inline-color has-white-color\">CAZADEROS<\/span><\/a><\/strong><\/figcaption><\/figure><\/li><li class=\"blocks-gallery-item\"><figure><img loading=\"lazy\" width=\"901\" height=\"596\" src=\"https:\/\/old.gobiernodezapotillo.gob.ec\/wp-content\/uploads\/2020\/09\/WhatsApp-Image-2020-09-28-at-19.09.07-2.jpeg\" alt=\"\" data-id=\"4955\" data-link=\"https:\/\/old.gobiernodezapotillo.gob.ec\/?attachment_id=4955\" class=\"wp-image-4955\" srcset=\"https:\/\/old.gobiernodezapotillo.gob.ec\/wp-content\/uploads\/2020\/09\/WhatsApp-Image-2020-09-28-at-19.09.07-2.jpeg 901w, https:\/\/old.gobiernodezapotillo.gob.ec\/wp-content\/uploads\/2020\/09\/WhatsApp-Image-2020-09-28-at-19.09.07-2-768x508.jpeg 768w\" sizes=\"(max-width: 901px) 100vw, 901px\" \/><figcaption class=\"blocks-gallery-item__caption\"><strong><a rel=\"noreferrer noopener\" href=\"http:\/\/gobiernodemangahurco.gob.ec\/\" target=\"_blank\"><span class=\"has-inline-color has-white-color\">MANGAHURCO<\/span><\/a><\/strong><\/figcaption><\/figure><\/li><li class=\"blocks-gallery-item\"><figure><img loading=\"lazy\" width=\"720\" height=\"476\" src=\"https:\/\/old.gobiernodezapotillo.gob.ec\/wp-content\/uploads\/2020\/09\/107574289_1596837947187592_2717305203147091929_n.jpg\" alt=\"\" data-id=\"4959\" data-link=\"https:\/\/old.gobiernodezapotillo.gob.ec\/?attachment_id=4959\" class=\"wp-image-4959\"\/><figcaption class=\"blocks-gallery-item__caption\"><strong><a rel=\"noreferrer noopener\" href=\"http:\/\/www.gadbolaspamba.gob.ec\/\" target=\"_blank\"><span class=\"has-inline-color has-white-color\">BOLASPAMBA<\/span><\/a><\/strong><\/figcaption><\/figure><\/li><li class=\"blocks-gallery-item\"><figure><img loading=\"lazy\" width=\"1280\" height=\"720\" src=\"https:\/\/old.gobiernodezapotillo.gob.ec\/wp-content\/uploads\/2020\/09\/PALETILLAS.jpg\" alt=\"\" data-id=\"4961\" data-link=\"https:\/\/old.gobiernodezapotillo.gob.ec\/?attachment_id=4961\" class=\"wp-image-4961\" srcset=\"https:\/\/old.gobiernodezapotillo.gob.ec\/wp-content\/uploads\/2020\/09\/PALETILLAS.jpg 1280w, https:\/\/old.gobiernodezapotillo.gob.ec\/wp-content\/uploads\/2020\/09\/PALETILLAS-768x432.jpg 768w\" sizes=\"(max-width: 1280px) 100vw, 1280px\" \/><figcaption class=\"blocks-gallery-item__caption\"><strong>PALETILLAS<\/strong><\/figcaption><\/figure><\/li><li class=\"blocks-gallery-item\"><figure><img loading=\"lazy\" width=\"754\" height=\"793\" src=\"https:\/\/old.gobiernodezapotillo.gob.ec\/wp-content\/uploads\/2020\/09\/GARZA-REAL-copia.jpg\" alt=\"\" data-id=\"4966\" data-link=\"https:\/\/old.gobiernodezapotillo.gob.ec\/?attachment_id=4966\" class=\"wp-image-4966\"\/><\/figure><\/li><li class=\"blocks-gallery-item\"><figure><img loading=\"lazy\" width=\"260\" height=\"194\" src=\"https:\/\/old.gobiernodezapotillo.gob.ec\/wp-content\/uploads\/2020\/09\/LIMONES.jpg\" alt=\"\" data-id=\"4968\" data-full-url=\"https:\/\/old.gobiernodezapotillo.gob.ec\/wp-content\/uploads\/2020\/09\/LIMONES.jpg\" data-link=\"https:\/\/old.gobiernodezapotillo.gob.ec\/?attachment_id=4968\" class=\"wp-image-4968\"\/><\/figure><\/li><\/ul><\/figure>\n\n\n\n<p class=\"has-text-align-left has-text-color has-background has-normal-font-size\" style=\"background-color:#e6eaec;color:#10147e\"><strong>ZAPOTILLO PARA\u00cdSO ESCONDIDO EN LA TIERRA<\/strong><\/p>\n\n\n\n<div class=\"wp-block-group\"><div class=\"wp-block-group__inner-container\">\n<hr class=\"wp-block-separator has-text-color has-background is-style-wide\" style=\"background-color:#0d129c;color:#0d129c\"\/>\n\n\n\n<div class=\"wp-block-image\"><figure class=\"aligncenter size-large is-resized\"><a href=\"https:\/\/old.gobiernodezapotillo.gob.ec\/?page_id=3547\"><img loading=\"lazy\" src=\"https:\/\/old.gobiernodezapotillo.gob.ec\/wp-content\/uploads\/2019\/12\/\u00bfC\u00f3mo-llegar-al-AECM-Los-Guayacanes-para-observar-el-florecimiento-de-los-guayacanes_.png\" alt=\"\" class=\"wp-image-3540\" width=\"627\" height=\"313\" srcset=\"https:\/\/old.gobiernodezapotillo.gob.ec\/wp-content\/uploads\/2019\/12\/\u00bfC\u00f3mo-llegar-al-AECM-Los-Guayacanes-para-observar-el-florecimiento-de-los-guayacanes_.png 1920w, https:\/\/old.gobiernodezapotillo.gob.ec\/wp-content\/uploads\/2019\/12\/\u00bfC\u00f3mo-llegar-al-AECM-Los-Guayacanes-para-observar-el-florecimiento-de-los-guayacanes_-768x384.png 768w, https:\/\/old.gobiernodezapotillo.gob.ec\/wp-content\/uploads\/2019\/12\/\u00bfC\u00f3mo-llegar-al-AECM-Los-Guayacanes-para-observar-el-florecimiento-de-los-guayacanes_-1536x768.png 1536w\" sizes=\"(max-width: 627px) 100vw, 627px\" \/><\/a><\/figure><\/div>\n\n\n\n<p><\/p>\n<\/div><\/div>\n\n\n\n<div class=\"wp-block-group\"><div class=\"wp-block-group__inner-container\">\n<p><strong><span style=\"color:#0013a3\" class=\"has-inline-color\">GESTI\u00d3N<\/span><\/strong><\/p>\n<\/div><\/div>\n\n\n\n<div class=\"wp-block-image\"><figure class=\"alignleft size-large\"><img loading=\"lazy\" width=\"364\" height=\"398\" src=\"https:\/\/old.gobiernodezapotillo.gob.ec\/wp-content\/uploads\/2020\/09\/PAGA-LOS-IMPUESTOS-copia-copia.jpg\" alt=\"\" class=\"wp-image-4924\"\/><\/figure><\/div>\n\n\n\n<div class=\"wp-block-image\"><figure class=\"alignright size-full is-resized\"><img loading=\"lazy\" src=\"https:\/\/old.gobiernodezapotillo.gob.ec\/wp-content\/uploads\/2023\/05\/DSC_2401-scaled.jpg\" alt=\"\" class=\"wp-image-8321\" width=\"365\" height=\"355\"\/><\/figure><\/div>\n\n\n\n<figure class=\"wp-block-image size-large is-resized\"><img loading=\"lazy\" src=\"https:\/\/old.gobiernodezapotillo.gob.ec\/wp-content\/uploads\/2020\/09\/PAGA-LOS-IMPUESTOS-copia-copia-2.jpg\" alt=\"\" class=\"wp-image-4931\" width=\"817\" height=\"163\" srcset=\"https:\/\/old.gobiernodezapotillo.gob.ec\/wp-content\/uploads\/2020\/09\/PAGA-LOS-IMPUESTOS-copia-copia-2.jpg 808w, https:\/\/old.gobiernodezapotillo.gob.ec\/wp-content\/uploads\/2020\/09\/PAGA-LOS-IMPUESTOS-copia-copia-2-768x153.jpg 768w\" sizes=\"(max-width: 817px) 100vw, 817px\" \/><\/figure>\n\n\n\n<div class=\"wp-block-group alignfull\"><div class=\"wp-block-group__inner-container\">\n<div class=\"wp-block-group\"><div class=\"wp-block-group__inner-container\"><\/div><\/div>\n\n\n\n<p><\/p>\n\n\n\n<p class=\"has-text-color\" style=\"color:#0c27f0;font-size:26px\"><strong>PDyOT<\/strong><\/p>\n\n\n\n<figure class=\"wp-block-image size-large is-resized\"><a href=\"https:\/\/old.gobiernodezapotillo.gob.ec\/?page_id=1059\" target=\"_blank\" rel=\"noopener noreferrer\"><img loading=\"lazy\" src=\"https:\/\/old.gobiernodezapotillo.gob.ec\/wp-content\/uploads\/2020\/09\/PDYOT-copia.png\" alt=\"\" class=\"wp-image-4859\" width=\"819\" height=\"128\"\/><\/a><\/figure>\n<\/div><\/div>\n","protected":false},"excerpt":{"rendered":"<p>SERVICIOS EN LINEA GU\u00cdA DE TRAMITES ZAPOTILLO ZAPOTILLO PARA\u00cdSO ESCONDIDO EN LA TIERRA GESTI\u00d3N PDyOT<\/p>\n","protected":false},"author":1,"featured_media":0,"parent":0,"menu_order":0,"comment_status":"closed","ping_status":"closed","template":"","meta":[],"_links":{"self":[{"href":"https:\/\/old.gobiernodezapotillo.gob.ec\/index.php?rest_route=\/wp\/v2\/pages\/3259"}],"collection":[{"href":"https:\/\/old.gobiernodezapotillo.gob.ec\/index.php?rest_route=\/wp\/v2\/pages"}],"about":[{"href":"https:\/\/old.gobiernodezapotillo.gob.ec\/index.php?rest_route=\/wp\/v2\/types\/page"}],"author":[{"embeddable":true,"href":"https:\/\/old.gobiernodezapotillo.gob.ec\/index.php?rest_route=\/wp\/v2\/users\/1"}],"replies":[{"embeddable":true,"href":"https:\/\/old.gobiernodezapotillo.gob.ec\/index.php?rest_route=%2Fwp%2Fv2%2Fcomments&post=3259"}],"version-history":[{"count":359,"href":"https:\/\/old.gobiernodezapotillo.gob.ec\/index.php?rest_route=\/wp\/v2\/pages\/3259\/revisions"}],"predecessor-version":[{"id":8328,"href":"https:\/\/old.gobiernodezapotillo.gob.ec\/index.php?rest_route=\/wp\/v2\/pages\/3259\/revisions\/8328"}],"wp:attachment":[{"href":"https:\/\/old.gobiernodezapotillo.gob.ec\/index.php?rest_route=%2Fwp%2Fv2%2Fmedia&parent=3259"}],"curies":[{"name":"wp","href":"https:\/\/api.w.org\/{rel}","templated":true}]}}