{"id":1063,"date":"2016-03-21T13:06:48","date_gmt":"2016-03-21T18:06:48","guid":{"rendered":"https:\/\/old.gobiernodezapotillo.gob.ec\/?page_id=1063"},"modified":"2019-08-01T14:12:34","modified_gmt":"2019-08-01T19:12:34","slug":"rendicion-de-cuentas","status":"publish","type":"page","link":"https:\/\/old.gobiernodezapotillo.gob.ec\/?page_id=1063","title":{"rendered":"RENDICI\u00d3N DE CUENTAS 2015"},"content":{"rendered":"<p>FASES DEL PROCESO DE RENDICI\u00d3N DE CUENTAS<\/p>\n<p>&nbsp;<\/p>\n<p>Fase 0<\/p>\n<iframe src=\"\/\/docs.google.com\/viewer?url=https%3A%2F%2Fold.gobiernodezapotillo.gob.ec%2Fwp-content%2Fuploads%2F2016%2F03%2FFASE-0.pdf&hl=es&embedded=true\" class=\"gde-frame\" style=\"width:100%; height:500px; border: none;\" scrolling=\"no\"><\/iframe>\n<p class=\"gde-text\"><a href=\"https:\/\/old.gobiernodezapotillo.gob.ec\/wp-content\/uploads\/2016\/03\/FASE-0.pdf\" class=\"gde-link\">Descargar (PDF, Desconocido)<\/a><\/p>\n<p>Fase 1<\/p>\n<iframe src=\"\/\/docs.google.com\/viewer?url=https%3A%2F%2Fold.gobiernodezapotillo.gob.ec%2Fwp-content%2Fuploads%2F2016%2F03%2FFASE-1.pdf&hl=es&embedded=true\" class=\"gde-frame\" style=\"width:100%; height:500px; border: none;\" scrolling=\"no\"><\/iframe>\n<p class=\"gde-text\"><a href=\"https:\/\/old.gobiernodezapotillo.gob.ec\/wp-content\/uploads\/2016\/03\/FASE-1.pdf\" class=\"gde-link\">Descargar (PDF, Desconocido)<\/a><\/p>\n<p>Fase 2<\/p>\n<iframe src=\"\/\/docs.google.com\/viewer?url=https%3A%2F%2Fold.gobiernodezapotillo.gob.ec%2Fwp-content%2Fuploads%2F2016%2F03%2FFASE-2.pdf&hl=es&embedded=true\" class=\"gde-frame\" style=\"width:100%; height:500px; border: none;\" scrolling=\"no\"><\/iframe>\n<p class=\"gde-text\"><a href=\"https:\/\/old.gobiernodezapotillo.gob.ec\/wp-content\/uploads\/2016\/03\/FASE-2.pdf\" class=\"gde-link\">Descargar (PDF, Desconocido)<\/a><\/p>\n<p>Fase 3<\/p>\n<iframe src=\"\/\/docs.google.com\/viewer?url=https%3A%2F%2Fold.gobiernodezapotillo.gob.ec%2Fwp-content%2Fuploads%2F2016%2F03%2FFASE-3.pdf&hl=es&embedded=true\" class=\"gde-frame\" style=\"width:100%; height:500px; border: none;\" scrolling=\"no\"><\/iframe>\n<p class=\"gde-text\"><a href=\"https:\/\/old.gobiernodezapotillo.gob.ec\/wp-content\/uploads\/2016\/03\/FASE-3.pdf\" class=\"gde-link\">Descargar (PDF, Desconocido)<\/a><\/p>\n<p><strong>Medios de Verificaci\u00f3n<\/strong><\/p>\n<p><strong>Firmas de Asistencia a la Rendici\u00f3n de Cuentas<\/strong><\/p>\n<iframe src=\"\/\/docs.google.com\/viewer?url=https%3A%2F%2Fold.gobiernodezapotillo.gob.ec%2Fwp-content%2Fuploads%2F2016%2F03%2FDigitalizacion-r--pida-a-color-a-un-archivo_3924.pdf&hl=es&embedded=true\" class=\"gde-frame\" style=\"width:100%; height:500px; border: none;\" scrolling=\"no\"><\/iframe>\n<p class=\"gde-text\"><a href=\"https:\/\/old.gobiernodezapotillo.gob.ec\/wp-content\/uploads\/2016\/03\/Digitalizacion-r--pida-a-color-a-un-archivo_3924.pdf\" class=\"gde-link\">Descargar (PDF, Desconocido)<\/a><\/p>\n<p><strong>Video de Rendici\u00f3n de Cuentas<\/strong><\/p>\n<div class=\"su-youtube su-u-responsive-media-yes\"><iframe width=\"100\" height=\"100\" src=\"https:\/\/www.youtube.com\/embed\/eUZxWl6EydQ?\" frameborder=\"0\" allowfullscreen allow=\"autoplay; encrypted-media; picture-in-picture\" title=\"\"><\/iframe><\/div>\n<p><strong>Revista de Rendici\u00f3n de Cuentas<\/strong><\/p>\n<iframe src=\"\/\/docs.google.com\/viewer?url=https%3A%2F%2Fold.gobiernodezapotillo.gob.ec%2Fwp-content%2Fuploads%2F2016%2F03%2FRendicion-Zapotillo.pdf&hl=es&embedded=true\" class=\"gde-frame\" style=\"width:100%; height:500px; border: none;\" scrolling=\"no\"><\/iframe>\n<p class=\"gde-text\"><a href=\"https:\/\/old.gobiernodezapotillo.gob.ec\/wp-content\/uploads\/2016\/03\/Rendicion-Zapotillo.pdf\" class=\"gde-link\">Descargar (PDF, Desconocido)<\/a><\/p>\n<p><strong>Acta Final de Rendici\u00f3n de Cuentas<\/strong><\/p>\n<iframe src=\"\/\/docs.google.com\/viewer?url=https%3A%2F%2Fold.gobiernodezapotillo.gob.ec%2Fwp-content%2Fuploads%2F2016%2F03%2FACTA-RENDICION-DE-CUENTAS-29-DE-FEBRERO.pdf&hl=es&embedded=true\" class=\"gde-frame\" style=\"width:100%; height:500px; border: none;\" scrolling=\"no\"><\/iframe>\n<p class=\"gde-text\"><a href=\"https:\/\/old.gobiernodezapotillo.gob.ec\/wp-content\/uploads\/2016\/03\/ACTA-RENDICION-DE-CUENTAS-29-DE-FEBRERO.pdf\" class=\"gde-link\">Descargar (PDF, Desconocido)<\/a><\/p>\n<p><strong>Fotograf\u00edas de Rendici\u00f3n de Cuentas<\/strong><\/p>\n<p><img loading=\"lazy\" class=\"alignnone size-full wp-image-1195\" src=\"https:\/\/old.gobiernodezapotillo.gob.ec\/wp-content\/uploads\/2016\/03\/12512500_812508362211416_2465628293910271832_n-1.jpg\" alt=\"12512500_812508362211416_2465628293910271832_n\" width=\"960\" height=\"567\" srcset=\"https:\/\/old.gobiernodezapotillo.gob.ec\/wp-content\/uploads\/2016\/03\/12512500_812508362211416_2465628293910271832_n-1.jpg 960w, https:\/\/old.gobiernodezapotillo.gob.ec\/wp-content\/uploads\/2016\/03\/12512500_812508362211416_2465628293910271832_n-1-768x454.jpg 768w, https:\/\/old.gobiernodezapotillo.gob.ec\/wp-content\/uploads\/2016\/03\/12512500_812508362211416_2465628293910271832_n-1-250x148.jpg 250w, https:\/\/old.gobiernodezapotillo.gob.ec\/wp-content\/uploads\/2016\/03\/12512500_812508362211416_2465628293910271832_n-1-150x89.jpg 150w\" sizes=\"(max-width: 960px) 100vw, 960px\" \/> <img loading=\"lazy\" class=\"alignnone size-full wp-image-1196\" src=\"https:\/\/old.gobiernodezapotillo.gob.ec\/wp-content\/uploads\/2016\/03\/12670401_812374975558088_7223522998641401576_n.jpg\" alt=\"12670401_812374975558088_7223522998641401576_n\" width=\"960\" height=\"635\" srcset=\"https:\/\/old.gobiernodezapotillo.gob.ec\/wp-content\/uploads\/2016\/03\/12670401_812374975558088_7223522998641401576_n.jpg 960w, https:\/\/old.gobiernodezapotillo.gob.ec\/wp-content\/uploads\/2016\/03\/12670401_812374975558088_7223522998641401576_n-768x508.jpg 768w, https:\/\/old.gobiernodezapotillo.gob.ec\/wp-content\/uploads\/2016\/03\/12670401_812374975558088_7223522998641401576_n-227x150.jpg 227w, https:\/\/old.gobiernodezapotillo.gob.ec\/wp-content\/uploads\/2016\/03\/12670401_812374975558088_7223522998641401576_n-150x99.jpg 150w\" sizes=\"(max-width: 960px) 100vw, 960px\" \/> <img loading=\"lazy\" class=\"alignnone size-full wp-image-1197\" src=\"https:\/\/old.gobiernodezapotillo.gob.ec\/wp-content\/uploads\/2016\/03\/12794347_812682788860640_4360126306873457370_n.jpg\" alt=\"12794347_812682788860640_4360126306873457370_n\" width=\"960\" height=\"635\" srcset=\"https:\/\/old.gobiernodezapotillo.gob.ec\/wp-content\/uploads\/2016\/03\/12794347_812682788860640_4360126306873457370_n.jpg 960w, https:\/\/old.gobiernodezapotillo.gob.ec\/wp-content\/uploads\/2016\/03\/12794347_812682788860640_4360126306873457370_n-768x508.jpg 768w, https:\/\/old.gobiernodezapotillo.gob.ec\/wp-content\/uploads\/2016\/03\/12794347_812682788860640_4360126306873457370_n-227x150.jpg 227w, https:\/\/old.gobiernodezapotillo.gob.ec\/wp-content\/uploads\/2016\/03\/12794347_812682788860640_4360126306873457370_n-150x99.jpg 150w\" sizes=\"(max-width: 960px) 100vw, 960px\" \/> <img loading=\"lazy\" class=\"alignnone size-full wp-image-1198\" src=\"https:\/\/old.gobiernodezapotillo.gob.ec\/wp-content\/uploads\/2016\/03\/12799307_812678795527706_8752120367131262121_n.jpg\" alt=\"12799307_812678795527706_8752120367131262121_n\" width=\"960\" height=\"635\" srcset=\"https:\/\/old.gobiernodezapotillo.gob.ec\/wp-content\/uploads\/2016\/03\/12799307_812678795527706_8752120367131262121_n.jpg 960w, https:\/\/old.gobiernodezapotillo.gob.ec\/wp-content\/uploads\/2016\/03\/12799307_812678795527706_8752120367131262121_n-768x508.jpg 768w, https:\/\/old.gobiernodezapotillo.gob.ec\/wp-content\/uploads\/2016\/03\/12799307_812678795527706_8752120367131262121_n-227x150.jpg 227w, https:\/\/old.gobiernodezapotillo.gob.ec\/wp-content\/uploads\/2016\/03\/12799307_812678795527706_8752120367131262121_n-150x99.jpg 150w\" sizes=\"(max-width: 960px) 100vw, 960px\" \/> <img loading=\"lazy\" class=\"alignnone size-full wp-image-1199\" src=\"https:\/\/old.gobiernodezapotillo.gob.ec\/wp-content\/uploads\/2016\/03\/12801288_812681705527415_4225724918329508827_n.jpg\" alt=\"12801288_812681705527415_4225724918329508827_n\" width=\"960\" height=\"635\" srcset=\"https:\/\/old.gobiernodezapotillo.gob.ec\/wp-content\/uploads\/2016\/03\/12801288_812681705527415_4225724918329508827_n.jpg 960w, https:\/\/old.gobiernodezapotillo.gob.ec\/wp-content\/uploads\/2016\/03\/12801288_812681705527415_4225724918329508827_n-768x508.jpg 768w, https:\/\/old.gobiernodezapotillo.gob.ec\/wp-content\/uploads\/2016\/03\/12801288_812681705527415_4225724918329508827_n-227x150.jpg 227w, https:\/\/old.gobiernodezapotillo.gob.ec\/wp-content\/uploads\/2016\/03\/12801288_812681705527415_4225724918329508827_n-150x99.jpg 150w\" sizes=\"(max-width: 960px) 100vw, 960px\" \/> <img loading=\"lazy\" class=\"alignnone size-full wp-image-1200\" src=\"https:\/\/old.gobiernodezapotillo.gob.ec\/wp-content\/uploads\/2016\/03\/12802723_812374768891442_6646968517765983147_n.jpg\" alt=\"12802723_812374768891442_6646968517765983147_n\" width=\"960\" height=\"635\" srcset=\"https:\/\/old.gobiernodezapotillo.gob.ec\/wp-content\/uploads\/2016\/03\/12802723_812374768891442_6646968517765983147_n.jpg 960w, https:\/\/old.gobiernodezapotillo.gob.ec\/wp-content\/uploads\/2016\/03\/12802723_812374768891442_6646968517765983147_n-768x508.jpg 768w, https:\/\/old.gobiernodezapotillo.gob.ec\/wp-content\/uploads\/2016\/03\/12802723_812374768891442_6646968517765983147_n-227x150.jpg 227w, https:\/\/old.gobiernodezapotillo.gob.ec\/wp-content\/uploads\/2016\/03\/12802723_812374768891442_6646968517765983147_n-150x99.jpg 150w\" sizes=\"(max-width: 960px) 100vw, 960px\" \/> <img loading=\"lazy\" class=\"alignnone size-full wp-image-1201\" src=\"https:\/\/old.gobiernodezapotillo.gob.ec\/wp-content\/uploads\/2016\/03\/12802840_812678295527756_6051473327500596566_n.jpg\" alt=\"12802840_812678295527756_6051473327500596566_n\" width=\"960\" height=\"635\" srcset=\"https:\/\/old.gobiernodezapotillo.gob.ec\/wp-content\/uploads\/2016\/03\/12802840_812678295527756_6051473327500596566_n.jpg 960w, https:\/\/old.gobiernodezapotillo.gob.ec\/wp-content\/uploads\/2016\/03\/12802840_812678295527756_6051473327500596566_n-768x508.jpg 768w, https:\/\/old.gobiernodezapotillo.gob.ec\/wp-content\/uploads\/2016\/03\/12802840_812678295527756_6051473327500596566_n-227x150.jpg 227w, https:\/\/old.gobiernodezapotillo.gob.ec\/wp-content\/uploads\/2016\/03\/12802840_812678295527756_6051473327500596566_n-150x99.jpg 150w\" sizes=\"(max-width: 960px) 100vw, 960px\" \/> <img loading=\"lazy\" class=\"alignnone size-full wp-image-1202\" src=\"https:\/\/old.gobiernodezapotillo.gob.ec\/wp-content\/uploads\/2016\/03\/12804775_812374712224781_7510963136469841204_n.jpg\" alt=\"12804775_812374712224781_7510963136469841204_n\" width=\"960\" height=\"567\" srcset=\"https:\/\/old.gobiernodezapotillo.gob.ec\/wp-content\/uploads\/2016\/03\/12804775_812374712224781_7510963136469841204_n.jpg 960w, https:\/\/old.gobiernodezapotillo.gob.ec\/wp-content\/uploads\/2016\/03\/12804775_812374712224781_7510963136469841204_n-768x454.jpg 768w, https:\/\/old.gobiernodezapotillo.gob.ec\/wp-content\/uploads\/2016\/03\/12804775_812374712224781_7510963136469841204_n-250x148.jpg 250w, https:\/\/old.gobiernodezapotillo.gob.ec\/wp-content\/uploads\/2016\/03\/12804775_812374712224781_7510963136469841204_n-150x89.jpg 150w\" sizes=\"(max-width: 960px) 100vw, 960px\" \/> <img loading=\"lazy\" class=\"alignnone size-full wp-image-1203\" src=\"https:\/\/old.gobiernodezapotillo.gob.ec\/wp-content\/uploads\/2016\/03\/12806077_812376362224616_7569614092747409303_n.jpg\" alt=\"12806077_812376362224616_7569614092747409303_n\" width=\"960\" height=\"585\" srcset=\"https:\/\/old.gobiernodezapotillo.gob.ec\/wp-content\/uploads\/2016\/03\/12806077_812376362224616_7569614092747409303_n.jpg 960w, https:\/\/old.gobiernodezapotillo.gob.ec\/wp-content\/uploads\/2016\/03\/12806077_812376362224616_7569614092747409303_n-768x468.jpg 768w, https:\/\/old.gobiernodezapotillo.gob.ec\/wp-content\/uploads\/2016\/03\/12806077_812376362224616_7569614092747409303_n-246x150.jpg 246w, https:\/\/old.gobiernodezapotillo.gob.ec\/wp-content\/uploads\/2016\/03\/12806077_812376362224616_7569614092747409303_n-150x91.jpg 150w\" sizes=\"(max-width: 960px) 100vw, 960px\" \/> <img loading=\"lazy\" class=\"alignnone size-full wp-image-1204\" src=\"https:\/\/old.gobiernodezapotillo.gob.ec\/wp-content\/uploads\/2016\/03\/12813921_812374942224758_3828850685132871308_n.jpg\" alt=\"12813921_812374942224758_3828850685132871308_n\" width=\"960\" height=\"635\" srcset=\"https:\/\/old.gobiernodezapotillo.gob.ec\/wp-content\/uploads\/2016\/03\/12813921_812374942224758_3828850685132871308_n.jpg 960w, https:\/\/old.gobiernodezapotillo.gob.ec\/wp-content\/uploads\/2016\/03\/12813921_812374942224758_3828850685132871308_n-768x508.jpg 768w, https:\/\/old.gobiernodezapotillo.gob.ec\/wp-content\/uploads\/2016\/03\/12813921_812374942224758_3828850685132871308_n-227x150.jpg 227w, https:\/\/old.gobiernodezapotillo.gob.ec\/wp-content\/uploads\/2016\/03\/12813921_812374942224758_3828850685132871308_n-150x99.jpg 150w\" sizes=\"(max-width: 960px) 100vw, 960px\" \/> <img loading=\"lazy\" class=\"alignnone size-full wp-image-1205\" src=\"https:\/\/old.gobiernodezapotillo.gob.ec\/wp-content\/uploads\/2016\/03\/12814285_812684395527146_2659017883898274923_n.jpg\" alt=\"12814285_812684395527146_2659017883898274923_n\" width=\"960\" height=\"635\" srcset=\"https:\/\/old.gobiernodezapotillo.gob.ec\/wp-content\/uploads\/2016\/03\/12814285_812684395527146_2659017883898274923_n.jpg 960w, https:\/\/old.gobiernodezapotillo.gob.ec\/wp-content\/uploads\/2016\/03\/12814285_812684395527146_2659017883898274923_n-768x508.jpg 768w, https:\/\/old.gobiernodezapotillo.gob.ec\/wp-content\/uploads\/2016\/03\/12814285_812684395527146_2659017883898274923_n-227x150.jpg 227w, https:\/\/old.gobiernodezapotillo.gob.ec\/wp-content\/uploads\/2016\/03\/12814285_812684395527146_2659017883898274923_n-150x99.jpg 150w\" sizes=\"(max-width: 960px) 100vw, 960px\" \/><\/p>\n<p>&nbsp;<\/p>\n","protected":false},"excerpt":{"rendered":"<p>FASES DEL PROCESO DE RENDICI\u00d3N DE CUENTAS &nbsp; Fase 0 Fase 1 Fase 2 Fase 3 Medios de Verificaci\u00f3n Firmas de Asistencia a la Rendici\u00f3n&hellip;<\/p>\n","protected":false},"author":1,"featured_media":0,"parent":0,"menu_order":0,"comment_status":"closed","ping_status":"closed","template":"","meta":[],"_links":{"self":[{"href":"https:\/\/old.gobiernodezapotillo.gob.ec\/index.php?rest_route=\/wp\/v2\/pages\/1063"}],"collection":[{"href":"https:\/\/old.gobiernodezapotillo.gob.ec\/index.php?rest_route=\/wp\/v2\/pages"}],"about":[{"href":"https:\/\/old.gobiernodezapotillo.gob.ec\/index.php?rest_route=\/wp\/v2\/types\/page"}],"author":[{"embeddable":true,"href":"https:\/\/old.gobiernodezapotillo.gob.ec\/index.php?rest_route=\/wp\/v2\/users\/1"}],"replies":[{"embeddable":true,"href":"https:\/\/old.gobiernodezapotillo.gob.ec\/index.php?rest_route=%2Fwp%2Fv2%2Fcomments&post=1063"}],"version-history":[{"count":7,"href":"https:\/\/old.gobiernodezapotillo.gob.ec\/index.php?rest_route=\/wp\/v2\/pages\/1063\/revisions"}],"predecessor-version":[{"id":1115,"href":"https:\/\/old.gobiernodezapotillo.gob.ec\/index.php?rest_route=\/wp\/v2\/pages\/1063\/revisions\/1115"}],"wp:attachment":[{"href":"https:\/\/old.gobiernodezapotillo.gob.ec\/index.php?rest_route=%2Fwp%2Fv2%2Fmedia&parent=1063"}],"curies":[{"name":"wp","href":"https:\/\/api.w.org\/{rel}","templated":true}]}}